{"id":114353,"date":"2024-05-31T13:14:53","date_gmt":"2024-05-31T11:14:53","guid":{"rendered":"https:\/\/webserver.gfps.de\/peel-strength-and-total-width-of-the-sealing-seam-in-accordance-with-din-en-868-5\/"},"modified":"2024-06-18T17:22:13","modified_gmt":"2024-06-18T15:22:13","slug":"peel-strength-and-total-width-of-the-sealing-seam-in-accordance-with-din-en-868-5","status":"publish","type":"page","link":"https:\/\/www.gfps.de\/en\/peel-strength-and-total-width-of-the-sealing-seam-in-accordance-with-din-en-868-5\/","title":{"rendered":"Peel strength and total width of the sealing seam in accordance with DIN EN 868-5"},"content":{"rendered":"<div class=\"wpb-content-wrapper\"><p>[vc_row unlock_row_content=&#8221;yes&#8221; row_height_percent=&#8221;60&#8243; override_padding=&#8221;yes&#8221; h_padding=&#8221;0&#8243; top_padding=&#8221;0&#8243; bottom_padding=&#8221;0&#8243; back_color=&#8221;color-nhtu&#8221; back_image=&#8221;114534&#8243; back_position=&#8221;center center&#8221; overlay_color=&#8221;accent&#8221; overlay_alpha=&#8221;51&#8243; equal_height=&#8221;yes&#8221; gutter_size=&#8221;0&#8243; column_width_percent=&#8221;100&#8243; shift_y=&#8221;0&#8243; z_index=&#8221;0&#8243; enable_bottom_divider=&#8221;default&#8221; bottom_divider=&#8221;gradient&#8221; shape_bottom_h_use_pixel=&#8221;true&#8221; shape_bottom_height_percent=&#8221;100&#8243; shape_bottom_color=&#8221;accent&#8221; shape_bottom_opacity=&#8221;90&#8243; shape_bottom_index=&#8221;0&#8243; row_height_pixel=&#8221;280&#8243; row_name=&#8221;Intro&#8221; uncode_shortcode_id=&#8221;672197&#8243; back_color_type=&#8221;uncode-palette&#8221; shape_bottom_color_type=&#8221;uncode-palette&#8221; overlay_color_type=&#8221;uncode-palette&#8221;][vc_column column_width_percent=&#8221;100&#8243; position_horizontal=&#8221;left&#8221; position_vertical=&#8221;bottom&#8221; gutter_size=&#8221;2&#8243; override_padding=&#8221;yes&#8221; column_padding=&#8221;4&#8243; style=&#8221;dark&#8221; overlay_alpha=&#8221;50&#8243; shift_x=&#8221;0&#8243; shift_y=&#8221;0&#8243; shift_y_down=&#8221;0&#8243; z_index=&#8221;0&#8243; align_medium=&#8221;align_left_tablet&#8221; medium_width=&#8221;0&#8243; align_mobile=&#8221;align_left_mobile&#8221; mobile_width=&#8221;0&#8243; css_animation=&#8221;bottom-t-top&#8221; animation_speed=&#8221;1000&#8243; width=&#8221;1\/1&#8243; uncode_shortcode_id=&#8221;199148&#8243;][vc_custom_heading heading_semantic=&#8221;h3&#8243; text_size=&#8221;h4&#8243; text_weight=&#8221;300&#8243; text_transform=&#8221;uppercase&#8221; text_space=&#8221;fontspace-210350&#8243; sub_lead=&#8221;yes&#8221; sub_reduced=&#8221;yes&#8221; uncode_shortcode_id=&#8221;720267&#8243;]Packaging tests &#8211; physical examination[\/vc_custom_heading][vc_custom_heading heading_semantic=&#8221;h1&#8243; text_size=&#8221;fontsize-155944&#8243; text_weight=&#8221;800&#8243; text_transform=&#8221;uppercase&#8221; text_space=&#8221;fontspace-111509&#8243; sub_lead=&#8221;yes&#8221; sub_reduced=&#8221;yes&#8221; uncode_shortcode_id=&#8221;160892&#8243;]Peelability and overall width of the seal seam[\/vc_custom_heading][\/vc_column][\/vc_row][vc_row unlock_row_content=&#8221;yes&#8221; row_height_percent=&#8221;0&#8243; override_padding=&#8221;yes&#8221; h_padding=&#8221;0&#8243; top_padding=&#8221;0&#8243; bottom_padding=&#8221;0&#8243; back_color=&#8221;color-lxmt&#8221; overlay_alpha=&#8221;0&#8243; equal_height=&#8221;yes&#8221; gutter_size=&#8221;0&#8243; column_width_percent=&#8221;100&#8243; shift_y=&#8221;0&#8243; z_index=&#8221;0&#8243; style=&#8221;inherited&#8221; uncode_shortcode_id=&#8221;106173&#8243; back_color_type=&#8221;uncode-palette&#8221;][vc_column column_width_percent=&#8221;100&#8243; gutter_size=&#8221;2&#8243; override_padding=&#8221;yes&#8221; column_padding=&#8221;4&#8243; style=&#8221;light&#8221; back_color=&#8221;color-lxmt&#8221; overlay_alpha=&#8221;50&#8243; shift_x=&#8221;0&#8243; shift_y=&#8221;0&#8243; shift_y_down=&#8221;0&#8243; z_index=&#8221;0&#8243; align_medium=&#8221;align_left_tablet&#8221; medium_width=&#8221;0&#8243; align_mobile=&#8221;align_left_mobile&#8221; mobile_width=&#8221;0&#8243; css_animation=&#8221;bottom-t-top&#8221; animation_delay=&#8221;200&#8243; width=&#8221;3\/4&#8243; uncode_shortcode_id=&#8221;116340&#8243; back_color_type=&#8221;uncode-palette&#8221;][vc_column_text uncode_shortcode_id=&#8221;162687&#8243;]Peelability and the overall width of the seal seam are decisive parameters in the packaging of medical products and in the area of food packaging. In accordance with DIN EN ISO 868-5 Annex E, these properties are standardized and measured to ensure the quality and reliability of packaging materials.[\/vc_column_text][\/vc_column][vc_column column_width_percent=&#8221;100&#8243; position_vertical=&#8221;middle&#8221; align_horizontal=&#8221;align_center&#8221; gutter_size=&#8221;3&#8243; override_padding=&#8221;yes&#8221; column_padding=&#8221;4&#8243; overlay_alpha=&#8221;0&#8243; shift_x=&#8221;0&#8243; shift_y=&#8221;0&#8243; shift_y_down=&#8221;0&#8243; z_index=&#8221;0&#8243; medium_visibility=&#8221;yes&#8221; medium_width=&#8221;0&#8243; mobile_visibility=&#8221;yes&#8221; mobile_width=&#8221;0&#8243; css_animation=&#8221;bottom-t-top&#8221; animation_delay=&#8221;400&#8243; zoom_width=&#8221;0&#8243; zoom_height=&#8221;0&#8243; width=&#8221;1\/4&#8243; uncode_shortcode_id=&#8221;184491&#8243;][\/vc_column][\/vc_row][vc_row unlock_row_content=&#8221;yes&#8221; row_height_percent=&#8221;55&#8243; override_padding=&#8221;yes&#8221; h_padding=&#8221;0&#8243; top_padding=&#8221;0&#8243; bottom_padding=&#8221;0&#8243; back_color=&#8221;color-nhtu&#8221; overlay_alpha=&#8221;0&#8243; equal_height=&#8221;yes&#8221; gutter_size=&#8221;0&#8243; column_width_percent=&#8221;100&#8243; shift_y=&#8221;0&#8243; z_index=&#8221;0&#8243; style=&#8221;inherited&#8221;][vc_column column_width_percent=&#8221;100&#8243; position_vertical=&#8221;middle&#8221; align_horizontal=&#8221;align_center&#8221; gutter_size=&#8221;3&#8243; override_padding=&#8221;yes&#8221; column_padding=&#8221;4&#8243; back_color=&#8221;color-rgdb&#8221; back_image=&#8221;114536&#8243; back_position=&#8221;center center&#8221; overlay_alpha=&#8221;0&#8243; shift_x=&#8221;0&#8243; shift_y=&#8221;0&#8243; shift_y_down=&#8221;0&#8243; z_index=&#8221;0&#8243; medium_width=&#8221;0&#8243; mobile_width=&#8221;0&#8243; css_animation=&#8221;bottom-t-top&#8221; animation_delay=&#8221;400&#8243; zoom_width=&#8221;0&#8243; zoom_height=&#8221;0&#8243; width=&#8221;1\/4&#8243; uncode_shortcode_id=&#8221;736128&#8243; back_color_type=&#8221;uncode-palette&#8221; mobile_height=&#8221;300&#8243;][\/vc_column][vc_column column_width_percent=&#8221;100&#8243; gutter_size=&#8221;2&#8243; override_padding=&#8221;yes&#8221; column_padding=&#8221;4&#8243; style=&#8221;light&#8221; back_color=&#8221;color-xsdn&#8221; overlay_alpha=&#8221;50&#8243; shift_x=&#8221;0&#8243; shift_y=&#8221;0&#8243; shift_y_down=&#8221;0&#8243; z_index=&#8221;0&#8243; align_medium=&#8221;align_left_tablet&#8221; medium_width=&#8221;0&#8243; align_mobile=&#8221;align_left_mobile&#8221; mobile_width=&#8221;0&#8243; css_animation=&#8221;bottom-t-top&#8221; animation_delay=&#8221;200&#8243; width=&#8221;3\/4&#8243; uncode_shortcode_id=&#8221;188419&#8243; back_color_type=&#8221;uncode-palette&#8221;][vc_custom_heading text_weight=&#8221;800&#8243; text_transform=&#8221;uppercase&#8221; text_space=&#8221;fontspace-111509&#8243; text_uppercase=&#8221;&#8221; text_align=&#8221;text-left&#8221; uncode_shortcode_id=&#8221;213545&#8243;]Peel strength and total width of the seal seam in accordance with DIN EN 868-5, Annex E[\/vc_custom_heading][vc_column_text uncode_shortcode_id=&#8221;764601&#8243;]<strong>Peelability<\/strong> refers to the ability of a packaging seam to open under controlled conditions without tearing or breaking. This is of crucial importance for products that need to be easily accessible, such as medical products, pharmaceuticals, etc.<br \/>\nDIN EN ISO 868-5 defines clear test procedures to measure the peelability and ensure that it meets the requirements.<\/p>\n<p>Another important parameter is the <strong>total width of the sealing seam<\/strong>, which indicates the width of the seal between the packaging materials. An adequate width is required to ensure a secure and durable seal that prevents contamination and the ingress of air, moisture or other harmful substances. The standard specifies precise measurement methods to determine the overall width of the seal seam and ensure that it meets the required standards.<\/p>\n<p>Compliance with DIN EN ISO 868-5 Annex E is of great importance for companies in the medical device industry, as it ensures that their products meet the highest quality standards and ensure patient safety. Precise measurement and evaluation of the peelability and overall width of the seal seam enables manufacturers to provide medical products with optimum packaging performance characteristics.<\/p>\n<p>Peelability and the overall width of the seal seam are fundamental parameters for ensuring the quality and reliability of medical device packaging materials.<br \/>\nBy complying with this standard, companies can ensure that their products meet the highest standards and requirements in terms of patient safety, durability and user-friendliness.[\/vc_column_text][vc_empty_space empty_h=&#8221;1&#8243;][vc_separator sep_color=&#8221;accent&#8221; uncode_shortcode_id=&#8221;843798&#8243; sep_color_type=&#8221;uncode-palette&#8221;][vc_empty_space empty_h=&#8221;1&#8243;][vc_column_text text_color=&#8221;color-wvjs&#8221; uncode_shortcode_id=&#8221;720857&#8243; text_color_type=&#8221;uncode-palette&#8221;]<strong>Guidelines<\/strong><\/p>\n<ul>\n<li>according to DIN EN 868-5, Annex E<\/li>\n<\/ul>\n<p>[\/vc_column_text][vc_empty_space empty_h=&#8221;1&#8243;][vc_separator sep_color=&#8221;color-983180&#8243; uncode_shortcode_id=&#8221;107261&#8243; sep_color_type=&#8221;uncode-palette&#8221;][vc_empty_space empty_h=&#8221;1&#8243;][vc_column_text uncode_shortcode_id=&#8221;150470&#8243;]For further information, please contact us at <strong><br \/>\n  <a href=\"mailto:verpackungspruefung@gfps.de\">verpackungspruefung@gfps.de<\/a><br \/>\n<\/strong>[\/vc_column_text][vc_empty_space empty_h=&#8221;1&#8243;][vc_separator sep_color=&#8221;color-983180&#8243; uncode_shortcode_id=&#8221;107261&#8243; sep_color_type=&#8221;uncode-palette&#8221;][vc_empty_space empty_h=&#8221;1&#8243;][vc_button button_color=&#8221;accent&#8221; border_width=&#8221;0&#8243; button_color_type=&#8221;uncode-palette&#8221; uncode_shortcode_id=&#8221;109883&#8243; link=&#8221;url:https%3A%2F%2Fwebserver.gfps.de%2Fen%2Fphysical-examinations%2F|title:Physical%20examinations|&#8221;]To the overview &#8220;Physical examinations&#8221;[\/vc_button][\/vc_column][\/vc_row]<\/p>\n<\/div>","protected":false},"excerpt":{"rendered":"<p>[vc_row unlock_row_content=&#8221;yes&#8221; row_height_percent=&#8221;60&#8243; override_padding=&#8221;yes&#8221; h_padding=&#8221;0&#8243; top_padding=&#8221;0&#8243; bottom_padding=&#8221;0&#8243; back_color=&#8221;color-nhtu&#8221; back_image=&#8221;114534&#8243; back_position=&#8221;center center&#8221; overlay_color=&#8221;accent&#8221; overlay_alpha=&#8221;51&#8243; equal_height=&#8221;yes&#8221; gutter_size=&#8221;0&#8243; column_width_percent=&#8221;100&#8243; shift_y=&#8221;0&#8243; z_index=&#8221;0&#8243; enable_bottom_divider=&#8221;default&#8221; bottom_divider=&#8221;gradient&#8221; [&hellip;]<\/p>\n","protected":false},"author":1,"featured_media":0,"parent":0,"menu_order":0,"comment_status":"closed","ping_status":"closed","template":"","meta":{"footnotes":""},"class_list":["post-114353","page","type-page","status-publish","hentry"],"yoast_head":"<!-- This site is optimized with the Yoast SEO plugin v24.9 - https:\/\/yoast.com\/wordpress\/plugins\/seo\/ -->\n<title>Peel strength and total width of the sealing seam in accordance with DIN EN 868-5 - GfPS<\/title>\n<meta name=\"description\" content=\"Peelability and the overall width of the seal seam are decisive parameters in the packaging of medical products\" \/>\n<meta name=\"robots\" content=\"index, follow, max-snippet:-1, max-image-preview:large, max-video-preview:-1\" \/>\n<link rel=\"canonical\" href=\"https:\/\/www.gfps.de\/en\/peel-strength-and-total-width-of-the-sealing-seam-in-accordance-with-din-en-868-5\/\" \/>\n<meta property=\"og:locale\" content=\"en_US\" \/>\n<meta property=\"og:type\" content=\"article\" \/>\n<meta property=\"og:title\" content=\"Peel strength and total width of the sealing seam in accordance with DIN EN 868-5 - GfPS\" \/>\n<meta property=\"og:description\" content=\"Peelability and the overall width of the seal seam are decisive parameters in the packaging of medical products\" \/>\n<meta property=\"og:url\" content=\"https:\/\/www.gfps.de\/en\/peel-strength-and-total-width-of-the-sealing-seam-in-accordance-with-din-en-868-5\/\" \/>\n<meta property=\"og:site_name\" content=\"GfPS\" \/>\n<meta property=\"article:modified_time\" content=\"2024-06-18T15:22:13+00:00\" \/>\n<meta name=\"twitter:card\" content=\"summary_large_image\" \/>\n<meta name=\"twitter:label1\" content=\"Est. reading time\" \/>\n\t<meta name=\"twitter:data1\" content=\"5 minutes\" \/>\n<script type=\"application\/ld+json\" class=\"yoast-schema-graph\">{\"@context\":\"https:\/\/schema.org\",\"@graph\":[{\"@type\":\"WebPage\",\"@id\":\"https:\/\/www.gfps.de\/en\/peel-strength-and-total-width-of-the-sealing-seam-in-accordance-with-din-en-868-5\/\",\"url\":\"https:\/\/www.gfps.de\/en\/peel-strength-and-total-width-of-the-sealing-seam-in-accordance-with-din-en-868-5\/\",\"name\":\"Peel strength and total width of the sealing seam in accordance with DIN EN 868-5 - GfPS\",\"isPartOf\":{\"@id\":\"https:\/\/www.gfps.de\/en\/#website\"},\"datePublished\":\"2024-05-31T11:14:53+00:00\",\"dateModified\":\"2024-06-18T15:22:13+00:00\",\"description\":\"Peelability and the overall width of the seal seam are decisive parameters in the packaging of medical products\",\"breadcrumb\":{\"@id\":\"https:\/\/www.gfps.de\/en\/peel-strength-and-total-width-of-the-sealing-seam-in-accordance-with-din-en-868-5\/#breadcrumb\"},\"inLanguage\":\"en-US\",\"potentialAction\":[{\"@type\":\"ReadAction\",\"target\":[\"https:\/\/www.gfps.de\/en\/peel-strength-and-total-width-of-the-sealing-seam-in-accordance-with-din-en-868-5\/\"]}]},{\"@type\":\"BreadcrumbList\",\"@id\":\"https:\/\/www.gfps.de\/en\/peel-strength-and-total-width-of-the-sealing-seam-in-accordance-with-din-en-868-5\/#breadcrumb\",\"itemListElement\":[{\"@type\":\"ListItem\",\"position\":1,\"name\":\"Startseite\",\"item\":\"https:\/\/www.gfps.de\/en\/home\/\"},{\"@type\":\"ListItem\",\"position\":2,\"name\":\"Peel strength and total width of the sealing seam in accordance with DIN EN 868-5\"}]},{\"@type\":\"WebSite\",\"@id\":\"https:\/\/www.gfps.de\/en\/#website\",\"url\":\"https:\/\/www.gfps.de\/en\/\",\"name\":\"GfPS\",\"description\":\"Gepr\u00fcfte Qualit\u00e4t f\u00fcr Ihre Medizinprodukte\",\"potentialAction\":[{\"@type\":\"SearchAction\",\"target\":{\"@type\":\"EntryPoint\",\"urlTemplate\":\"https:\/\/www.gfps.de\/en\/?s={search_term_string}\"},\"query-input\":{\"@type\":\"PropertyValueSpecification\",\"valueRequired\":true,\"valueName\":\"search_term_string\"}}],\"inLanguage\":\"en-US\"}]}<\/script>\n<!-- \/ Yoast SEO plugin. -->","yoast_head_json":{"title":"Peel strength and total width of the sealing seam in accordance with DIN EN 868-5 - GfPS","description":"Peelability and the overall width of the seal seam are decisive parameters in the packaging of medical products","robots":{"index":"index","follow":"follow","max-snippet":"max-snippet:-1","max-image-preview":"max-image-preview:large","max-video-preview":"max-video-preview:-1"},"canonical":"https:\/\/www.gfps.de\/en\/peel-strength-and-total-width-of-the-sealing-seam-in-accordance-with-din-en-868-5\/","og_locale":"en_US","og_type":"article","og_title":"Peel strength and total width of the sealing seam in accordance with DIN EN 868-5 - GfPS","og_description":"Peelability and the overall width of the seal seam are decisive parameters in the packaging of medical products","og_url":"https:\/\/www.gfps.de\/en\/peel-strength-and-total-width-of-the-sealing-seam-in-accordance-with-din-en-868-5\/","og_site_name":"GfPS","article_modified_time":"2024-06-18T15:22:13+00:00","twitter_card":"summary_large_image","twitter_misc":{"Est. reading time":"5 minutes"},"schema":{"@context":"https:\/\/schema.org","@graph":[{"@type":"WebPage","@id":"https:\/\/www.gfps.de\/en\/peel-strength-and-total-width-of-the-sealing-seam-in-accordance-with-din-en-868-5\/","url":"https:\/\/www.gfps.de\/en\/peel-strength-and-total-width-of-the-sealing-seam-in-accordance-with-din-en-868-5\/","name":"Peel strength and total width of the sealing seam in accordance with DIN EN 868-5 - GfPS","isPartOf":{"@id":"https:\/\/www.gfps.de\/en\/#website"},"datePublished":"2024-05-31T11:14:53+00:00","dateModified":"2024-06-18T15:22:13+00:00","description":"Peelability and the overall width of the seal seam are decisive parameters in the packaging of medical products","breadcrumb":{"@id":"https:\/\/www.gfps.de\/en\/peel-strength-and-total-width-of-the-sealing-seam-in-accordance-with-din-en-868-5\/#breadcrumb"},"inLanguage":"en-US","potentialAction":[{"@type":"ReadAction","target":["https:\/\/www.gfps.de\/en\/peel-strength-and-total-width-of-the-sealing-seam-in-accordance-with-din-en-868-5\/"]}]},{"@type":"BreadcrumbList","@id":"https:\/\/www.gfps.de\/en\/peel-strength-and-total-width-of-the-sealing-seam-in-accordance-with-din-en-868-5\/#breadcrumb","itemListElement":[{"@type":"ListItem","position":1,"name":"Startseite","item":"https:\/\/www.gfps.de\/en\/home\/"},{"@type":"ListItem","position":2,"name":"Peel strength and total width of the sealing seam in accordance with DIN EN 868-5"}]},{"@type":"WebSite","@id":"https:\/\/www.gfps.de\/en\/#website","url":"https:\/\/www.gfps.de\/en\/","name":"GfPS","description":"Gepr\u00fcfte Qualit\u00e4t f\u00fcr Ihre Medizinprodukte","potentialAction":[{"@type":"SearchAction","target":{"@type":"EntryPoint","urlTemplate":"https:\/\/www.gfps.de\/en\/?s={search_term_string}"},"query-input":{"@type":"PropertyValueSpecification","valueRequired":true,"valueName":"search_term_string"}}],"inLanguage":"en-US"}]}},"_links":{"self":[{"href":"https:\/\/www.gfps.de\/en\/wp-json\/wp\/v2\/pages\/114353","targetHints":{"allow":["GET"]}}],"collection":[{"href":"https:\/\/www.gfps.de\/en\/wp-json\/wp\/v2\/pages"}],"about":[{"href":"https:\/\/www.gfps.de\/en\/wp-json\/wp\/v2\/types\/page"}],"author":[{"embeddable":true,"href":"https:\/\/www.gfps.de\/en\/wp-json\/wp\/v2\/users\/1"}],"replies":[{"embeddable":true,"href":"https:\/\/www.gfps.de\/en\/wp-json\/wp\/v2\/comments?post=114353"}],"version-history":[{"count":4,"href":"https:\/\/www.gfps.de\/en\/wp-json\/wp\/v2\/pages\/114353\/revisions"}],"predecessor-version":[{"id":114540,"href":"https:\/\/www.gfps.de\/en\/wp-json\/wp\/v2\/pages\/114353\/revisions\/114540"}],"wp:attachment":[{"href":"https:\/\/www.gfps.de\/en\/wp-json\/wp\/v2\/media?parent=114353"}],"curies":[{"name":"wp","href":"https:\/\/api.w.org\/{rel}","templated":true}]}}