{"id":114326,"date":"2024-04-11T10:59:35","date_gmt":"2024-04-11T08:59:35","guid":{"rendered":"https:\/\/webserver.gfps.de\/microbiological-services-with-your-sample-collection\/"},"modified":"2024-06-14T19:22:46","modified_gmt":"2024-06-14T17:22:46","slug":"microbiological-services-with-your-sample-collection","status":"publish","type":"page","link":"https:\/\/www.gfps.de\/en\/microbiological-services-with-your-sample-collection\/","title":{"rendered":"Microbiological services with your sample collection"},"content":{"rendered":"<div class=\"wpb-content-wrapper\"><p>[vc_row unlock_row_content=&#8221;yes&#8221; row_height_percent=&#8221;60&#8243; override_padding=&#8221;yes&#8221; h_padding=&#8221;0&#8243; top_padding=&#8221;0&#8243; bottom_padding=&#8221;0&#8243; back_color=&#8221;color-nhtu&#8221; back_image=&#8221;112122&#8243; back_position=&#8221;center center&#8221; overlay_color=&#8221;accent&#8221; overlay_alpha=&#8221;51&#8243; equal_height=&#8221;yes&#8221; gutter_size=&#8221;0&#8243; column_width_percent=&#8221;100&#8243; shift_y=&#8221;0&#8243; z_index=&#8221;0&#8243; enable_bottom_divider=&#8221;default&#8221; bottom_divider=&#8221;gradient&#8221; shape_bottom_h_use_pixel=&#8221;true&#8221; shape_bottom_height_percent=&#8221;100&#8243; shape_bottom_color=&#8221;accent&#8221; shape_bottom_opacity=&#8221;90&#8243; shape_bottom_index=&#8221;0&#8243; row_height_pixel=&#8221;280&#8243; row_name=&#8221;Intro&#8221; uncode_shortcode_id=&#8221;878705&#8243; back_color_type=&#8221;uncode-palette&#8221; shape_bottom_color_type=&#8221;uncode-palette&#8221; overlay_color_type=&#8221;uncode-palette&#8221;][vc_column column_width_percent=&#8221;100&#8243; position_horizontal=&#8221;left&#8221; position_vertical=&#8221;bottom&#8221; gutter_size=&#8221;2&#8243; override_padding=&#8221;yes&#8221; column_padding=&#8221;4&#8243; style=&#8221;dark&#8221; overlay_alpha=&#8221;50&#8243; shift_x=&#8221;0&#8243; shift_y=&#8221;0&#8243; shift_y_down=&#8221;0&#8243; z_index=&#8221;0&#8243; align_medium=&#8221;align_left_tablet&#8221; medium_width=&#8221;0&#8243; align_mobile=&#8221;align_left_mobile&#8221; mobile_width=&#8221;0&#8243; css_animation=&#8221;bottom-t-top&#8221; animation_speed=&#8221;1000&#8243; width=&#8221;1\/1&#8243; uncode_shortcode_id=&#8221;773423&#8243;][vc_custom_heading heading_semantic=&#8221;h3&#8243; text_size=&#8221;h4&#8243; text_weight=&#8221;300&#8243; text_transform=&#8221;uppercase&#8221; text_space=&#8221;fontspace-210350&#8243; sub_lead=&#8221;yes&#8221; sub_reduced=&#8221;yes&#8221; uncode_shortcode_id=&#8221;839808&#8243;]Clean room[\/vc_custom_heading][vc_custom_heading heading_semantic=&#8221;h1&#8243; text_size=&#8221;fontsize-155944&#8243; text_weight=&#8221;800&#8243; text_transform=&#8221;uppercase&#8221; text_space=&#8221;fontspace-111509&#8243; sub_lead=&#8221;yes&#8221; sub_reduced=&#8221;yes&#8221; uncode_shortcode_id=&#8221;926966&#8243;]Microbiological services with your sampling[\/vc_custom_heading][\/vc_column][\/vc_row][vc_row unlock_row_content=&#8221;yes&#8221; row_height_percent=&#8221;0&#8243; override_padding=&#8221;yes&#8221; h_padding=&#8221;0&#8243; top_padding=&#8221;0&#8243; bottom_padding=&#8221;0&#8243; back_color=&#8221;color-lxmt&#8221; overlay_alpha=&#8221;0&#8243; equal_height=&#8221;yes&#8221; gutter_size=&#8221;0&#8243; column_width_percent=&#8221;100&#8243; shift_y=&#8221;0&#8243; z_index=&#8221;0&#8243; style=&#8221;inherited&#8221; uncode_shortcode_id=&#8221;106173&#8243; back_color_type=&#8221;uncode-palette&#8221;][vc_column column_width_percent=&#8221;100&#8243; gutter_size=&#8221;2&#8243; override_padding=&#8221;yes&#8221; column_padding=&#8221;4&#8243; style=&#8221;light&#8221; back_color=&#8221;color-lxmt&#8221; overlay_alpha=&#8221;50&#8243; shift_x=&#8221;0&#8243; shift_y=&#8221;0&#8243; shift_y_down=&#8221;0&#8243; z_index=&#8221;0&#8243; align_medium=&#8221;align_left_tablet&#8221; medium_width=&#8221;0&#8243; align_mobile=&#8221;align_left_mobile&#8221; mobile_width=&#8221;0&#8243; css_animation=&#8221;bottom-t-top&#8221; animation_delay=&#8221;200&#8243; width=&#8221;3\/4&#8243; uncode_shortcode_id=&#8221;116340&#8243; back_color_type=&#8221;uncode-palette&#8221;][vc_column_text uncode_shortcode_id=&#8221;521989&#8243;]Microbiological testing of air or surfaces in cleanrooms, for example, is an important part of production facility inspections and is used to determine the composition and activity of microorganisms in an environment. One of the most common methods for sampling and microbiological testing is the use of contact plates and other culture media[\/vc_column_text][\/vc_column][vc_column column_width_percent=&#8221;100&#8243; position_vertical=&#8221;middle&#8221; align_horizontal=&#8221;align_center&#8221; gutter_size=&#8221;3&#8243; override_padding=&#8221;yes&#8221; column_padding=&#8221;4&#8243; overlay_alpha=&#8221;0&#8243; shift_x=&#8221;0&#8243; shift_y=&#8221;0&#8243; shift_y_down=&#8221;0&#8243; z_index=&#8221;0&#8243; medium_visibility=&#8221;yes&#8221; medium_width=&#8221;0&#8243; mobile_visibility=&#8221;yes&#8221; mobile_width=&#8221;0&#8243; css_animation=&#8221;bottom-t-top&#8221; animation_delay=&#8221;400&#8243; zoom_width=&#8221;0&#8243; zoom_height=&#8221;0&#8243; width=&#8221;1\/4&#8243; uncode_shortcode_id=&#8221;184491&#8243;][\/vc_column][\/vc_row][vc_row unlock_row_content=&#8221;yes&#8221; row_height_percent=&#8221;55&#8243; override_padding=&#8221;yes&#8221; h_padding=&#8221;0&#8243; top_padding=&#8221;0&#8243; bottom_padding=&#8221;0&#8243; back_color=&#8221;color-nhtu&#8221; overlay_alpha=&#8221;0&#8243; equal_height=&#8221;yes&#8221; gutter_size=&#8221;0&#8243; column_width_percent=&#8221;100&#8243; shift_y=&#8221;0&#8243; z_index=&#8221;0&#8243; style=&#8221;inherited&#8221;][vc_column column_width_percent=&#8221;100&#8243; position_vertical=&#8221;middle&#8221; align_horizontal=&#8221;align_center&#8221; gutter_size=&#8221;3&#8243; override_padding=&#8221;yes&#8221; column_padding=&#8221;4&#8243; back_color=&#8221;color-rgdb&#8221; back_image=&#8221;111838&#8243; back_position=&#8221;center center&#8221; overlay_alpha=&#8221;0&#8243; shift_x=&#8221;0&#8243; shift_y=&#8221;0&#8243; shift_y_down=&#8221;0&#8243; z_index=&#8221;0&#8243; medium_width=&#8221;0&#8243; mobile_width=&#8221;0&#8243; css_animation=&#8221;bottom-t-top&#8221; animation_delay=&#8221;400&#8243; zoom_width=&#8221;0&#8243; zoom_height=&#8221;0&#8243; width=&#8221;1\/4&#8243; uncode_shortcode_id=&#8221;211271&#8243; back_color_type=&#8221;uncode-palette&#8221; mobile_height=&#8221;300&#8243;][\/vc_column][vc_column column_width_percent=&#8221;100&#8243; gutter_size=&#8221;2&#8243; override_padding=&#8221;yes&#8221; column_padding=&#8221;4&#8243; style=&#8221;light&#8221; back_color=&#8221;color-xsdn&#8221; overlay_alpha=&#8221;50&#8243; shift_x=&#8221;0&#8243; shift_y=&#8221;0&#8243; shift_y_down=&#8221;0&#8243; z_index=&#8221;0&#8243; align_medium=&#8221;align_left_tablet&#8221; medium_width=&#8221;0&#8243; align_mobile=&#8221;align_left_mobile&#8221; mobile_width=&#8221;0&#8243; css_animation=&#8221;bottom-t-top&#8221; animation_delay=&#8221;200&#8243; width=&#8221;3\/4&#8243; uncode_shortcode_id=&#8221;188419&#8243; back_color_type=&#8221;uncode-palette&#8221;][vc_custom_heading text_font=&#8221;font-136269&#8243; text_weight=&#8221;800&#8243; text_transform=&#8221;uppercase&#8221; text_space=&#8221;fontspace-111509&#8243; text_uppercase=&#8221;&#8221; text_align=&#8221;text-left&#8221; uncode_shortcode_id=&#8221;130100&#8243;]Microbiological analysis of bacteria, yeasts and fungi[\/vc_custom_heading][vc_column_text uncode_shortcode_id=&#8221;175265&#8243;]Contact plates, also known as contact plates, are sterile Petri dishes coated with a special culture medium. During sampling, the surface of the sample to be analyzed, such as a door handle, is brought into contact with the contact plate. The microorganisms on the surface are transferred to the culture medium where they can grow and multiply. After a certain incubation period, the colonies on the plate can be counted and identified.<\/p>\n<p>In addition to contact plates, there are also other culture media, such as sedimentation plates, which can be used for microbiological analysis of the air.<\/p>\n<p>With the workplace examination, the hygiene measures of your employee can be ensured using sewing media.<br \/>\nThe microbiological testing of samples enables, for example, manufacturers of medical products and other industries to monitor the control of their production facilities and compliance with hygiene standards.[\/vc_column_text][vc_empty_space empty_h=&#8221;1&#8243;][vc_separator sep_color=&#8221;color-983180&#8243; uncode_shortcode_id=&#8221;107261&#8243; sep_color_type=&#8221;uncode-palette&#8221;][vc_empty_space empty_h=&#8221;1&#8243;][vc_column_text uncode_shortcode_id=&#8221;434305&#8243;]We will be happy to assist you with your questions at<strong> <a href=\"mailto:customersupport@gfps.de\">customersupport@gfps.de<\/a><\/strong>[\/vc_column_text][\/vc_column][\/vc_row]<\/p>\n<\/div>","protected":false},"excerpt":{"rendered":"<p>[vc_row unlock_row_content=&#8221;yes&#8221; row_height_percent=&#8221;60&#8243; override_padding=&#8221;yes&#8221; h_padding=&#8221;0&#8243; top_padding=&#8221;0&#8243; bottom_padding=&#8221;0&#8243; back_color=&#8221;color-nhtu&#8221; back_image=&#8221;112122&#8243; back_position=&#8221;center center&#8221; overlay_color=&#8221;accent&#8221; overlay_alpha=&#8221;51&#8243; equal_height=&#8221;yes&#8221; gutter_size=&#8221;0&#8243; column_width_percent=&#8221;100&#8243; shift_y=&#8221;0&#8243; z_index=&#8221;0&#8243; enable_bottom_divider=&#8221;default&#8221; bottom_divider=&#8221;gradient&#8221; [&hellip;]<\/p>\n","protected":false},"author":1,"featured_media":0,"parent":0,"menu_order":0,"comment_status":"closed","ping_status":"closed","template":"","meta":{"footnotes":""},"class_list":["post-114326","page","type-page","status-publish","hentry"],"yoast_head":"<!-- This site is optimized with the Yoast SEO plugin v27.5 - https:\/\/yoast.com\/product\/yoast-seo-wordpress\/ -->\n<title>Microbiological services with your sample collection - GfPS<\/title>\n<meta name=\"description\" content=\"Microbiological testing of, for example, the air or surfaces in cleanrooms is an important part of the inspections ...\" \/>\n<meta name=\"robots\" content=\"index, follow, max-snippet:-1, max-image-preview:large, max-video-preview:-1\" \/>\n<link rel=\"canonical\" href=\"https:\/\/www.gfps.de\/en\/microbiological-services-with-your-sample-collection\/\" \/>\n<meta property=\"og:locale\" content=\"en_US\" \/>\n<meta property=\"og:type\" content=\"article\" \/>\n<meta property=\"og:title\" content=\"Microbiological services with your sample collection - GfPS\" \/>\n<meta property=\"og:description\" content=\"Microbiological testing of, for example, the air or surfaces in cleanrooms is an important part of the inspections ...\" \/>\n<meta property=\"og:url\" content=\"https:\/\/www.gfps.de\/en\/microbiological-services-with-your-sample-collection\/\" \/>\n<meta property=\"og:site_name\" content=\"GfPS\" \/>\n<meta property=\"article:modified_time\" content=\"2024-06-14T17:22:46+00:00\" \/>\n<meta name=\"twitter:card\" content=\"summary_large_image\" \/>\n<meta name=\"twitter:label1\" content=\"Est. reading time\" \/>\n\t<meta name=\"twitter:data1\" content=\"4 minutes\" \/>\n<script type=\"application\/ld+json\" class=\"yoast-schema-graph\">{\"@context\":\"https:\\\/\\\/schema.org\",\"@graph\":[{\"@type\":\"WebPage\",\"@id\":\"https:\\\/\\\/www.gfps.de\\\/en\\\/microbiological-services-with-your-sample-collection\\\/\",\"url\":\"https:\\\/\\\/www.gfps.de\\\/en\\\/microbiological-services-with-your-sample-collection\\\/\",\"name\":\"Microbiological services with your sample collection - GfPS\",\"isPartOf\":{\"@id\":\"https:\\\/\\\/www.gfps.de\\\/en\\\/#website\"},\"datePublished\":\"2024-04-11T08:59:35+00:00\",\"dateModified\":\"2024-06-14T17:22:46+00:00\",\"description\":\"Microbiological testing of, for example, the air or surfaces in cleanrooms is an important part of the inspections ...\",\"breadcrumb\":{\"@id\":\"https:\\\/\\\/www.gfps.de\\\/en\\\/microbiological-services-with-your-sample-collection\\\/#breadcrumb\"},\"inLanguage\":\"en-US\",\"potentialAction\":[{\"@type\":\"ReadAction\",\"target\":[\"https:\\\/\\\/www.gfps.de\\\/en\\\/microbiological-services-with-your-sample-collection\\\/\"]}]},{\"@type\":\"BreadcrumbList\",\"@id\":\"https:\\\/\\\/www.gfps.de\\\/en\\\/microbiological-services-with-your-sample-collection\\\/#breadcrumb\",\"itemListElement\":[{\"@type\":\"ListItem\",\"position\":1,\"name\":\"Startseite\",\"item\":\"https:\\\/\\\/www.gfps.de\\\/en\\\/home\\\/\"},{\"@type\":\"ListItem\",\"position\":2,\"name\":\"Microbiological services with your sample collection\"}]},{\"@type\":\"WebSite\",\"@id\":\"https:\\\/\\\/www.gfps.de\\\/en\\\/#website\",\"url\":\"https:\\\/\\\/www.gfps.de\\\/en\\\/\",\"name\":\"GfPS\",\"description\":\"Gepr\u00fcfte Qualit\u00e4t f\u00fcr Ihre Medizinprodukte\",\"potentialAction\":[{\"@type\":\"SearchAction\",\"target\":{\"@type\":\"EntryPoint\",\"urlTemplate\":\"https:\\\/\\\/www.gfps.de\\\/en\\\/?s={search_term_string}\"},\"query-input\":{\"@type\":\"PropertyValueSpecification\",\"valueRequired\":true,\"valueName\":\"search_term_string\"}}],\"inLanguage\":\"en-US\"}]}<\/script>\n<!-- \/ Yoast SEO plugin. -->","yoast_head_json":{"title":"Microbiological services with your sample collection - GfPS","description":"Microbiological testing of, for example, the air or surfaces in cleanrooms is an important part of the inspections ...","robots":{"index":"index","follow":"follow","max-snippet":"max-snippet:-1","max-image-preview":"max-image-preview:large","max-video-preview":"max-video-preview:-1"},"canonical":"https:\/\/www.gfps.de\/en\/microbiological-services-with-your-sample-collection\/","og_locale":"en_US","og_type":"article","og_title":"Microbiological services with your sample collection - GfPS","og_description":"Microbiological testing of, for example, the air or surfaces in cleanrooms is an important part of the inspections ...","og_url":"https:\/\/www.gfps.de\/en\/microbiological-services-with-your-sample-collection\/","og_site_name":"GfPS","article_modified_time":"2024-06-14T17:22:46+00:00","twitter_card":"summary_large_image","twitter_misc":{"Est. reading time":"4 minutes"},"schema":{"@context":"https:\/\/schema.org","@graph":[{"@type":"WebPage","@id":"https:\/\/www.gfps.de\/en\/microbiological-services-with-your-sample-collection\/","url":"https:\/\/www.gfps.de\/en\/microbiological-services-with-your-sample-collection\/","name":"Microbiological services with your sample collection - GfPS","isPartOf":{"@id":"https:\/\/www.gfps.de\/en\/#website"},"datePublished":"2024-04-11T08:59:35+00:00","dateModified":"2024-06-14T17:22:46+00:00","description":"Microbiological testing of, for example, the air or surfaces in cleanrooms is an important part of the inspections ...","breadcrumb":{"@id":"https:\/\/www.gfps.de\/en\/microbiological-services-with-your-sample-collection\/#breadcrumb"},"inLanguage":"en-US","potentialAction":[{"@type":"ReadAction","target":["https:\/\/www.gfps.de\/en\/microbiological-services-with-your-sample-collection\/"]}]},{"@type":"BreadcrumbList","@id":"https:\/\/www.gfps.de\/en\/microbiological-services-with-your-sample-collection\/#breadcrumb","itemListElement":[{"@type":"ListItem","position":1,"name":"Startseite","item":"https:\/\/www.gfps.de\/en\/home\/"},{"@type":"ListItem","position":2,"name":"Microbiological services with your sample collection"}]},{"@type":"WebSite","@id":"https:\/\/www.gfps.de\/en\/#website","url":"https:\/\/www.gfps.de\/en\/","name":"GfPS","description":"Gepr\u00fcfte Qualit\u00e4t f\u00fcr Ihre Medizinprodukte","potentialAction":[{"@type":"SearchAction","target":{"@type":"EntryPoint","urlTemplate":"https:\/\/www.gfps.de\/en\/?s={search_term_string}"},"query-input":{"@type":"PropertyValueSpecification","valueRequired":true,"valueName":"search_term_string"}}],"inLanguage":"en-US"}]}},"_links":{"self":[{"href":"https:\/\/www.gfps.de\/en\/wp-json\/wp\/v2\/pages\/114326","targetHints":{"allow":["GET"]}}],"collection":[{"href":"https:\/\/www.gfps.de\/en\/wp-json\/wp\/v2\/pages"}],"about":[{"href":"https:\/\/www.gfps.de\/en\/wp-json\/wp\/v2\/types\/page"}],"author":[{"embeddable":true,"href":"https:\/\/www.gfps.de\/en\/wp-json\/wp\/v2\/users\/1"}],"replies":[{"embeddable":true,"href":"https:\/\/www.gfps.de\/en\/wp-json\/wp\/v2\/comments?post=114326"}],"version-history":[{"count":2,"href":"https:\/\/www.gfps.de\/en\/wp-json\/wp\/v2\/pages\/114326\/revisions"}],"predecessor-version":[{"id":114328,"href":"https:\/\/www.gfps.de\/en\/wp-json\/wp\/v2\/pages\/114326\/revisions\/114328"}],"wp:attachment":[{"href":"https:\/\/www.gfps.de\/en\/wp-json\/wp\/v2\/media?parent=114326"}],"curies":[{"name":"wp","href":"https:\/\/api.w.org\/{rel}","templated":true}]}}