{"id":114299,"date":"2024-01-08T10:25:31","date_gmt":"2024-01-08T09:25:31","guid":{"rendered":"https:\/\/webserver.gfps.de\/confirmation-of-existing-cleanroom-qualifications\/"},"modified":"2024-06-14T19:18:07","modified_gmt":"2024-06-14T17:18:07","slug":"confirmation-of-existing-cleanroom-qualifications","status":"publish","type":"page","link":"https:\/\/www.gfps.de\/en\/confirmation-of-existing-cleanroom-qualifications\/","title":{"rendered":"Confirmation of existing cleanroom qualifications"},"content":{"rendered":"<div class=\"wpb-content-wrapper\"><p>[vc_row unlock_row_content=&#8221;yes&#8221; row_height_percent=&#8221;60&#8243; override_padding=&#8221;yes&#8221; h_padding=&#8221;0&#8243; top_padding=&#8221;0&#8243; bottom_padding=&#8221;0&#8243; back_color=&#8221;color-nhtu&#8221; back_image=&#8221;112122&#8243; back_position=&#8221;center center&#8221; overlay_color=&#8221;accent&#8221; overlay_alpha=&#8221;51&#8243; equal_height=&#8221;yes&#8221; gutter_size=&#8221;0&#8243; column_width_percent=&#8221;100&#8243; shift_y=&#8221;0&#8243; z_index=&#8221;0&#8243; enable_bottom_divider=&#8221;default&#8221; bottom_divider=&#8221;gradient&#8221; shape_bottom_h_use_pixel=&#8221;true&#8221; shape_bottom_height_percent=&#8221;100&#8243; shape_bottom_color=&#8221;accent&#8221; shape_bottom_opacity=&#8221;90&#8243; shape_bottom_index=&#8221;0&#8243; row_height_pixel=&#8221;280&#8243; row_name=&#8221;Intro&#8221; uncode_shortcode_id=&#8221;878705&#8243; back_color_type=&#8221;uncode-palette&#8221; shape_bottom_color_type=&#8221;uncode-palette&#8221; overlay_color_type=&#8221;uncode-palette&#8221;][vc_column column_width_percent=&#8221;100&#8243; position_horizontal=&#8221;left&#8221; position_vertical=&#8221;bottom&#8221; gutter_size=&#8221;2&#8243; override_padding=&#8221;yes&#8221; column_padding=&#8221;4&#8243; style=&#8221;dark&#8221; overlay_alpha=&#8221;50&#8243; shift_x=&#8221;0&#8243; shift_y=&#8221;0&#8243; shift_y_down=&#8221;0&#8243; z_index=&#8221;0&#8243; align_medium=&#8221;align_left_tablet&#8221; medium_width=&#8221;0&#8243; align_mobile=&#8221;align_left_mobile&#8221; mobile_width=&#8221;0&#8243; css_animation=&#8221;bottom-t-top&#8221; animation_speed=&#8221;1000&#8243; width=&#8221;1\/1&#8243; uncode_shortcode_id=&#8221;773423&#8243;][vc_custom_heading heading_semantic=&#8221;h3&#8243; text_size=&#8221;h4&#8243; text_weight=&#8221;300&#8243; text_transform=&#8221;uppercase&#8221; text_space=&#8221;fontspace-210350&#8243; sub_lead=&#8221;yes&#8221; sub_reduced=&#8221;yes&#8221; uncode_shortcode_id=&#8221;192936&#8243;]Production conditions[\/vc_custom_heading][vc_custom_heading heading_semantic=&#8221;h1&#8243; text_size=&#8221;fontsize-155944&#8243; text_weight=&#8221;800&#8243; text_transform=&#8221;uppercase&#8221; text_space=&#8221;fontspace-111509&#8243; sub_lead=&#8221;yes&#8221; sub_reduced=&#8221;yes&#8221; uncode_shortcode_id=&#8221;335255&#8243;]Confirmation of existing cleanroom qualifications[\/vc_custom_heading][\/vc_column][\/vc_row][vc_row unlock_row_content=&#8221;yes&#8221; row_height_percent=&#8221;0&#8243; override_padding=&#8221;yes&#8221; h_padding=&#8221;0&#8243; top_padding=&#8221;0&#8243; bottom_padding=&#8221;0&#8243; back_color=&#8221;color-lxmt&#8221; overlay_alpha=&#8221;0&#8243; equal_height=&#8221;yes&#8221; gutter_size=&#8221;0&#8243; column_width_percent=&#8221;100&#8243; shift_y=&#8221;0&#8243; z_index=&#8221;0&#8243; style=&#8221;inherited&#8221; uncode_shortcode_id=&#8221;106173&#8243; back_color_type=&#8221;uncode-palette&#8221;][vc_column column_width_percent=&#8221;100&#8243; gutter_size=&#8221;2&#8243; override_padding=&#8221;yes&#8221; column_padding=&#8221;4&#8243; style=&#8221;light&#8221; back_color=&#8221;color-lxmt&#8221; overlay_alpha=&#8221;50&#8243; shift_x=&#8221;0&#8243; shift_y=&#8221;0&#8243; shift_y_down=&#8221;0&#8243; z_index=&#8221;0&#8243; align_medium=&#8221;align_left_tablet&#8221; medium_width=&#8221;0&#8243; align_mobile=&#8221;align_left_mobile&#8221; mobile_width=&#8221;0&#8243; css_animation=&#8221;bottom-t-top&#8221; animation_delay=&#8221;200&#8243; width=&#8221;3\/4&#8243; uncode_shortcode_id=&#8221;116340&#8243; back_color_type=&#8221;uncode-palette&#8221;][vc_column_text uncode_shortcode_id=&#8221;133661&#8243;]To ensure that your production environment continuously meets the highest cleanliness standards, we offer you regular cleanroom inspections to confirm your existing qualifications.[\/vc_column_text][\/vc_column][vc_column column_width_percent=&#8221;100&#8243; position_vertical=&#8221;middle&#8221; align_horizontal=&#8221;align_center&#8221; gutter_size=&#8221;3&#8243; override_padding=&#8221;yes&#8221; column_padding=&#8221;4&#8243; overlay_alpha=&#8221;0&#8243; shift_x=&#8221;0&#8243; shift_y=&#8221;0&#8243; shift_y_down=&#8221;0&#8243; z_index=&#8221;0&#8243; medium_visibility=&#8221;yes&#8221; medium_width=&#8221;0&#8243; mobile_visibility=&#8221;yes&#8221; mobile_width=&#8221;0&#8243; css_animation=&#8221;bottom-t-top&#8221; animation_delay=&#8221;400&#8243; zoom_width=&#8221;0&#8243; zoom_height=&#8221;0&#8243; width=&#8221;1\/4&#8243; uncode_shortcode_id=&#8221;184491&#8243;][\/vc_column][\/vc_row][vc_row unlock_row_content=&#8221;yes&#8221; row_height_percent=&#8221;55&#8243; override_padding=&#8221;yes&#8221; h_padding=&#8221;0&#8243; top_padding=&#8221;0&#8243; bottom_padding=&#8221;0&#8243; back_color=&#8221;color-nhtu&#8221; overlay_alpha=&#8221;0&#8243; equal_height=&#8221;yes&#8221; gutter_size=&#8221;0&#8243; column_width_percent=&#8221;100&#8243; shift_y=&#8221;0&#8243; z_index=&#8221;0&#8243; style=&#8221;inherited&#8221;][vc_column column_width_percent=&#8221;100&#8243; position_vertical=&#8221;middle&#8221; align_horizontal=&#8221;align_center&#8221; gutter_size=&#8221;3&#8243; override_padding=&#8221;yes&#8221; column_padding=&#8221;4&#8243; back_color=&#8221;color-rgdb&#8221; back_image=&#8221;112482&#8243; back_position=&#8221;center center&#8221; overlay_alpha=&#8221;0&#8243; shift_x=&#8221;0&#8243; shift_y=&#8221;0&#8243; shift_y_down=&#8221;0&#8243; z_index=&#8221;0&#8243; medium_visibility=&#8221;yes&#8221; medium_width=&#8221;0&#8243; mobile_visibility=&#8221;yes&#8221; mobile_width=&#8221;0&#8243; css_animation=&#8221;bottom-t-top&#8221; animation_delay=&#8221;400&#8243; zoom_width=&#8221;0&#8243; zoom_height=&#8221;0&#8243; width=&#8221;1\/4&#8243; uncode_shortcode_id=&#8221;157001&#8243; back_color_type=&#8221;uncode-palette&#8221;][\/vc_column][vc_column column_width_percent=&#8221;100&#8243; gutter_size=&#8221;2&#8243; override_padding=&#8221;yes&#8221; column_padding=&#8221;4&#8243; style=&#8221;light&#8221; back_color=&#8221;color-xsdn&#8221; overlay_alpha=&#8221;50&#8243; shift_x=&#8221;0&#8243; shift_y=&#8221;0&#8243; shift_y_down=&#8221;0&#8243; z_index=&#8221;0&#8243; align_medium=&#8221;align_left_tablet&#8221; medium_width=&#8221;0&#8243; align_mobile=&#8221;align_left_mobile&#8221; mobile_width=&#8221;0&#8243; css_animation=&#8221;bottom-t-top&#8221; animation_delay=&#8221;200&#8243; width=&#8221;3\/4&#8243; uncode_shortcode_id=&#8221;188419&#8243; back_color_type=&#8221;uncode-palette&#8221;][vc_custom_heading text_font=&#8221;font-136269&#8243; text_weight=&#8221;800&#8243; text_transform=&#8221;uppercase&#8221; text_space=&#8221;fontspace-111509&#8243; text_uppercase=&#8221;&#8221; text_align=&#8221;text-left&#8221; uncode_shortcode_id=&#8221;504525&#8243;]Requalification[\/vc_custom_heading][vc_column_text uncode_shortcode_id=&#8221;102588&#8243;]Our experts are on hand to guide you through the process and ensure that your production environment continues to meet the required cleanliness standards. Your previous cleanroom qualifications serve as a basis.<\/p>\n<p>Depending on the qualification, the checks include<\/p>\n<ul>\n<li>In accordance with the guidelines, we recommend that you schedule a regular review (e.g. 1x \/ 2x per year) to ensure that your qualifications are always up to date.<\/li>\n<li>Air flow and calculation of the air exchange rate<\/li>\n<li>Differential pressure\/displacement flow<\/li>\n<li>Leak-free duct filters, terminal filters (incl. filter scanning) and terminal filters in FFUs<\/li>\n<li>Particle measurement of the room air or supply air<\/li>\n<li>Temperature and relative humidity<\/li>\n<li>Sound pressure level<\/li>\n<li>Recovery time<\/li>\n<li>Microbiological workplace testing<\/li>\n<li>Microbiological air bacteria count<\/li>\n<li>Microbiological surface examination<\/li>\n<\/ul>\n<p>[\/vc_column_text][vc_separator sep_color=&#8221;accent&#8221; uncode_shortcode_id=&#8221;843798&#8243; sep_color_type=&#8221;uncode-palette&#8221;][vc_column_text uncode_shortcode_id=&#8221;979981&#8243;]<strong>Guidelines<\/strong><\/p>\n<ul>\n<li>GMP (Good Manufacturing Practice):<br \/>\nGMP guidelines are used in many industries, especially in the pharmaceutical industry, to ensure the quality and purity of manufactured products.<\/li>\n<\/ul>\n<ul>\n<li>ISO standards DIN EN ISO 14644:<br \/>\nThe ISO 14644 series, in particular ISO 14644-1 and ISO 14644-2, defines standards for cleanroom classification and testing. Compliance with these standards is widespread in various branches of industry. <\/li>\n<\/ul>\n<ul>\n<li>Occupational health and safety regulations:<br \/>\nIndustry-specific occupational health and safety regulations can also place requirements on cleanroom workstations in order to protect the health of employees.<\/li>\n<li>Environmental protection laws:<br \/>\nIn some regions, there are environmental protection laws that may apply to emissions and waste management, especially when certain cleanroom technologies are used.<\/li>\n<\/ul>\n<p>[\/vc_column_text][vc_column_text uncode_shortcode_id=&#8221;136235&#8243;]We are at your disposal with our expertise. Please feel free to contact us: <a href=\"mailto:aussendienst@gfps.de\">aussendienst@gfps.de<\/a>[\/vc_column_text][\/vc_column][\/vc_row]<\/p>\n<\/div>","protected":false},"excerpt":{"rendered":"<p>[vc_row unlock_row_content=&#8221;yes&#8221; row_height_percent=&#8221;60&#8243; override_padding=&#8221;yes&#8221; h_padding=&#8221;0&#8243; top_padding=&#8221;0&#8243; bottom_padding=&#8221;0&#8243; back_color=&#8221;color-nhtu&#8221; back_image=&#8221;112122&#8243; back_position=&#8221;center center&#8221; overlay_color=&#8221;accent&#8221; overlay_alpha=&#8221;51&#8243; equal_height=&#8221;yes&#8221; gutter_size=&#8221;0&#8243; column_width_percent=&#8221;100&#8243; shift_y=&#8221;0&#8243; z_index=&#8221;0&#8243; enable_bottom_divider=&#8221;default&#8221; bottom_divider=&#8221;gradient&#8221; [&hellip;]<\/p>\n","protected":false},"author":1,"featured_media":0,"parent":0,"menu_order":0,"comment_status":"closed","ping_status":"closed","template":"","meta":{"footnotes":""},"class_list":["post-114299","page","type-page","status-publish","hentry"],"yoast_head":"<!-- This site is optimized with the Yoast SEO plugin v24.9 - https:\/\/yoast.com\/wordpress\/plugins\/seo\/ -->\n<title>Confirmation of existing cleanroom qualifications - GfPS<\/title>\n<meta name=\"description\" content=\"To ensure that your production environment continuously meets the highest cleanliness standards, we offer you regular ....\" \/>\n<meta name=\"robots\" content=\"index, follow, max-snippet:-1, max-image-preview:large, max-video-preview:-1\" \/>\n<link rel=\"canonical\" href=\"https:\/\/www.gfps.de\/en\/confirmation-of-existing-cleanroom-qualifications\/\" \/>\n<meta property=\"og:locale\" content=\"en_US\" \/>\n<meta property=\"og:type\" content=\"article\" \/>\n<meta property=\"og:title\" content=\"Confirmation of existing cleanroom qualifications - GfPS\" \/>\n<meta property=\"og:description\" content=\"To ensure that your production environment continuously meets the highest cleanliness standards, we offer you regular ....\" \/>\n<meta property=\"og:url\" content=\"https:\/\/www.gfps.de\/en\/confirmation-of-existing-cleanroom-qualifications\/\" \/>\n<meta property=\"og:site_name\" content=\"GfPS\" \/>\n<meta property=\"article:modified_time\" content=\"2024-06-14T17:18:07+00:00\" \/>\n<meta name=\"twitter:card\" content=\"summary_large_image\" \/>\n<meta name=\"twitter:label1\" content=\"Est. reading time\" \/>\n\t<meta name=\"twitter:data1\" content=\"4 minutes\" \/>\n<script type=\"application\/ld+json\" class=\"yoast-schema-graph\">{\"@context\":\"https:\/\/schema.org\",\"@graph\":[{\"@type\":\"WebPage\",\"@id\":\"https:\/\/www.gfps.de\/en\/confirmation-of-existing-cleanroom-qualifications\/\",\"url\":\"https:\/\/www.gfps.de\/en\/confirmation-of-existing-cleanroom-qualifications\/\",\"name\":\"Confirmation of existing cleanroom qualifications - GfPS\",\"isPartOf\":{\"@id\":\"https:\/\/www.gfps.de\/en\/#website\"},\"datePublished\":\"2024-01-08T09:25:31+00:00\",\"dateModified\":\"2024-06-14T17:18:07+00:00\",\"description\":\"To ensure that your production environment continuously meets the highest cleanliness standards, we offer you regular ....\",\"breadcrumb\":{\"@id\":\"https:\/\/www.gfps.de\/en\/confirmation-of-existing-cleanroom-qualifications\/#breadcrumb\"},\"inLanguage\":\"en-US\",\"potentialAction\":[{\"@type\":\"ReadAction\",\"target\":[\"https:\/\/www.gfps.de\/en\/confirmation-of-existing-cleanroom-qualifications\/\"]}]},{\"@type\":\"BreadcrumbList\",\"@id\":\"https:\/\/www.gfps.de\/en\/confirmation-of-existing-cleanroom-qualifications\/#breadcrumb\",\"itemListElement\":[{\"@type\":\"ListItem\",\"position\":1,\"name\":\"Startseite\",\"item\":\"https:\/\/www.gfps.de\/en\/home\/\"},{\"@type\":\"ListItem\",\"position\":2,\"name\":\"Confirmation of existing cleanroom qualifications\"}]},{\"@type\":\"WebSite\",\"@id\":\"https:\/\/www.gfps.de\/en\/#website\",\"url\":\"https:\/\/www.gfps.de\/en\/\",\"name\":\"GfPS\",\"description\":\"Gepr\u00fcfte Qualit\u00e4t f\u00fcr Ihre Medizinprodukte\",\"potentialAction\":[{\"@type\":\"SearchAction\",\"target\":{\"@type\":\"EntryPoint\",\"urlTemplate\":\"https:\/\/www.gfps.de\/en\/?s={search_term_string}\"},\"query-input\":{\"@type\":\"PropertyValueSpecification\",\"valueRequired\":true,\"valueName\":\"search_term_string\"}}],\"inLanguage\":\"en-US\"}]}<\/script>\n<!-- \/ Yoast SEO plugin. -->","yoast_head_json":{"title":"Confirmation of existing cleanroom qualifications - GfPS","description":"To ensure that your production environment continuously meets the highest cleanliness standards, we offer you regular ....","robots":{"index":"index","follow":"follow","max-snippet":"max-snippet:-1","max-image-preview":"max-image-preview:large","max-video-preview":"max-video-preview:-1"},"canonical":"https:\/\/www.gfps.de\/en\/confirmation-of-existing-cleanroom-qualifications\/","og_locale":"en_US","og_type":"article","og_title":"Confirmation of existing cleanroom qualifications - GfPS","og_description":"To ensure that your production environment continuously meets the highest cleanliness standards, we offer you regular ....","og_url":"https:\/\/www.gfps.de\/en\/confirmation-of-existing-cleanroom-qualifications\/","og_site_name":"GfPS","article_modified_time":"2024-06-14T17:18:07+00:00","twitter_card":"summary_large_image","twitter_misc":{"Est. reading time":"4 minutes"},"schema":{"@context":"https:\/\/schema.org","@graph":[{"@type":"WebPage","@id":"https:\/\/www.gfps.de\/en\/confirmation-of-existing-cleanroom-qualifications\/","url":"https:\/\/www.gfps.de\/en\/confirmation-of-existing-cleanroom-qualifications\/","name":"Confirmation of existing cleanroom qualifications - GfPS","isPartOf":{"@id":"https:\/\/www.gfps.de\/en\/#website"},"datePublished":"2024-01-08T09:25:31+00:00","dateModified":"2024-06-14T17:18:07+00:00","description":"To ensure that your production environment continuously meets the highest cleanliness standards, we offer you regular ....","breadcrumb":{"@id":"https:\/\/www.gfps.de\/en\/confirmation-of-existing-cleanroom-qualifications\/#breadcrumb"},"inLanguage":"en-US","potentialAction":[{"@type":"ReadAction","target":["https:\/\/www.gfps.de\/en\/confirmation-of-existing-cleanroom-qualifications\/"]}]},{"@type":"BreadcrumbList","@id":"https:\/\/www.gfps.de\/en\/confirmation-of-existing-cleanroom-qualifications\/#breadcrumb","itemListElement":[{"@type":"ListItem","position":1,"name":"Startseite","item":"https:\/\/www.gfps.de\/en\/home\/"},{"@type":"ListItem","position":2,"name":"Confirmation of existing cleanroom qualifications"}]},{"@type":"WebSite","@id":"https:\/\/www.gfps.de\/en\/#website","url":"https:\/\/www.gfps.de\/en\/","name":"GfPS","description":"Gepr\u00fcfte Qualit\u00e4t f\u00fcr Ihre Medizinprodukte","potentialAction":[{"@type":"SearchAction","target":{"@type":"EntryPoint","urlTemplate":"https:\/\/www.gfps.de\/en\/?s={search_term_string}"},"query-input":{"@type":"PropertyValueSpecification","valueRequired":true,"valueName":"search_term_string"}}],"inLanguage":"en-US"}]}},"_links":{"self":[{"href":"https:\/\/www.gfps.de\/en\/wp-json\/wp\/v2\/pages\/114299","targetHints":{"allow":["GET"]}}],"collection":[{"href":"https:\/\/www.gfps.de\/en\/wp-json\/wp\/v2\/pages"}],"about":[{"href":"https:\/\/www.gfps.de\/en\/wp-json\/wp\/v2\/types\/page"}],"author":[{"embeddable":true,"href":"https:\/\/www.gfps.de\/en\/wp-json\/wp\/v2\/users\/1"}],"replies":[{"embeddable":true,"href":"https:\/\/www.gfps.de\/en\/wp-json\/wp\/v2\/comments?post=114299"}],"version-history":[{"count":2,"href":"https:\/\/www.gfps.de\/en\/wp-json\/wp\/v2\/pages\/114299\/revisions"}],"predecessor-version":[{"id":114301,"href":"https:\/\/www.gfps.de\/en\/wp-json\/wp\/v2\/pages\/114299\/revisions\/114301"}],"wp:attachment":[{"href":"https:\/\/www.gfps.de\/en\/wp-json\/wp\/v2\/media?parent=114299"}],"curies":[{"name":"wp","href":"https:\/\/api.w.org\/{rel}","templated":true}]}}