{"id":114290,"date":"2024-02-16T10:15:06","date_gmt":"2024-02-16T09:15:06","guid":{"rendered":"https:\/\/webserver.gfps.de\/accreditation\/"},"modified":"2025-07-17T11:18:12","modified_gmt":"2025-07-17T09:18:12","slug":"accreditation","status":"publish","type":"page","link":"https:\/\/www.gfps.de\/en\/accreditation\/","title":{"rendered":"Accreditation"},"content":{"rendered":"<div class=\"wpb-content-wrapper\"><p>[vc_row unlock_row_content=&#8221;yes&#8221; row_height_percent=&#8221;60&#8243; override_padding=&#8221;yes&#8221; h_padding=&#8221;0&#8243; top_padding=&#8221;0&#8243; bottom_padding=&#8221;0&#8243; back_color=&#8221;color-nhtu&#8221; back_image=&#8221;112033&#8243; back_position=&#8221;center center&#8221; overlay_color=&#8221;accent&#8221; overlay_alpha=&#8221;51&#8243; equal_height=&#8221;yes&#8221; gutter_size=&#8221;0&#8243; column_width_percent=&#8221;100&#8243; shift_y=&#8221;0&#8243; z_index=&#8221;0&#8243; enable_bottom_divider=&#8221;default&#8221; bottom_divider=&#8221;gradient&#8221; shape_bottom_h_use_pixel=&#8221;true&#8221; shape_bottom_height_percent=&#8221;100&#8243; shape_bottom_color=&#8221;accent&#8221; shape_bottom_opacity=&#8221;90&#8243; shape_bottom_index=&#8221;0&#8243; row_height_pixel=&#8221;280&#8243; row_name=&#8221;Intro&#8221; uncode_shortcode_id=&#8221;102414&#8243; back_color_type=&#8221;uncode-palette&#8221; shape_bottom_color_type=&#8221;uncode-palette&#8221; overlay_color_type=&#8221;uncode-palette&#8221;][vc_column column_width_percent=&#8221;100&#8243; position_horizontal=&#8221;left&#8221; position_vertical=&#8221;bottom&#8221; gutter_size=&#8221;1&#8243; override_padding=&#8221;yes&#8221; column_padding=&#8221;4&#8243; style=&#8221;dark&#8221; overlay_alpha=&#8221;50&#8243; shift_x=&#8221;0&#8243; shift_y=&#8221;0&#8243; shift_y_down=&#8221;0&#8243; z_index=&#8221;0&#8243; align_medium=&#8221;align_left_tablet&#8221; medium_width=&#8221;0&#8243; align_mobile=&#8221;align_left_mobile&#8221; mobile_width=&#8221;0&#8243; css_animation=&#8221;bottom-t-top&#8221; animation_speed=&#8221;1000&#8243; width=&#8221;1\/1&#8243; uncode_shortcode_id=&#8221;131162&#8243;][vc_custom_heading heading_semantic=&#8221;h3&#8243; text_size=&#8221;h4&#8243; text_weight=&#8221;300&#8243; text_transform=&#8221;uppercase&#8221; text_space=&#8221;fontspace-210350&#8243; sub_lead=&#8221;yes&#8221; sub_reduced=&#8221;yes&#8221; uncode_shortcode_id=&#8221;674129&#8243;]Safety for your medical devices[\/vc_custom_heading][vc_custom_heading heading_semantic=&#8221;h1&#8243; text_size=&#8221;fontsize-155944&#8243; text_weight=&#8221;800&#8243; text_transform=&#8221;uppercase&#8221; text_space=&#8221;fontspace-111509&#8243; sub_lead=&#8221;yes&#8221; sub_reduced=&#8221;yes&#8221; uncode_shortcode_id=&#8221;814245&#8243;]Accreditation \/ Certification[\/vc_custom_heading][\/vc_column][\/vc_row][vc_row unlock_row_content=&#8221;yes&#8221; row_height_percent=&#8221;0&#8243; override_padding=&#8221;yes&#8221; h_padding=&#8221;0&#8243; top_padding=&#8221;0&#8243; bottom_padding=&#8221;0&#8243; back_color=&#8221;color-lxmt&#8221; overlay_alpha=&#8221;0&#8243; equal_height=&#8221;yes&#8221; gutter_size=&#8221;0&#8243; column_width_percent=&#8221;100&#8243; shift_y=&#8221;0&#8243; z_index=&#8221;0&#8243; style=&#8221;inherited&#8221; uncode_shortcode_id=&#8221;181437&#8243; back_color_type=&#8221;uncode-palette&#8221;][vc_column column_width_percent=&#8221;100&#8243; gutter_size=&#8221;2&#8243; override_padding=&#8221;yes&#8221; column_padding=&#8221;4&#8243; style=&#8221;light&#8221; back_color=&#8221;color-lxmt&#8221; overlay_alpha=&#8221;50&#8243; shift_x=&#8221;0&#8243; shift_y=&#8221;0&#8243; shift_y_down=&#8221;0&#8243; z_index=&#8221;0&#8243; align_medium=&#8221;align_left_tablet&#8221; medium_width=&#8221;0&#8243; align_mobile=&#8221;align_left_mobile&#8221; mobile_width=&#8221;0&#8243; css_animation=&#8221;bottom-t-top&#8221; animation_delay=&#8221;200&#8243; width=&#8221;1\/4&#8243; uncode_shortcode_id=&#8221;997584&#8243; back_color_type=&#8221;uncode-palette&#8221;][vc_custom_heading text_weight=&#8221;800&#8243; text_transform=&#8221;uppercase&#8221; text_space=&#8221;fontspace-111509&#8243; text_uppercase=&#8221;&#8221; text_align=&#8221;text-left&#8221; uncode_shortcode_id=&#8221;665298&#8243;]Our expertise[\/vc_custom_heading][vc_column_text uncode_shortcode_id=&#8221;387687&#8243;]We offer our customers a wide range of laboratory services in the fields of medical devices, cosmetics, the pharmaceutical industry and healthcare premises.<\/p>\n<p>Our institute is DAkkS-accredited and GMP-certified for biological, microbiological and physical analysis.<\/p>\n<p>We also support you with your questions regarding the complete production hygiene processes, with packaging testing and cleanroom qualification.[\/vc_column_text][\/vc_column][vc_column column_width_percent=&#8221;100&#8243; position_horizontal=&#8221;left&#8221; gutter_size=&#8221;3&#8243; override_padding=&#8221;yes&#8221; column_padding=&#8221;4&#8243; back_color=&#8221;color-lxmt&#8221; overlay_alpha=&#8221;0&#8243; shift_x=&#8221;0&#8243; shift_y=&#8221;0&#8243; shift_y_down=&#8221;0&#8243; z_index=&#8221;0&#8243; medium_width=&#8221;0&#8243; mobile_width=&#8221;0&#8243; css_animation=&#8221;bottom-t-top&#8221; animation_delay=&#8221;400&#8243; zoom_width=&#8221;0&#8243; zoom_height=&#8221;0&#8243; width=&#8221;3\/4&#8243; uncode_shortcode_id=&#8221;796383&#8243; back_color_type=&#8221;uncode-palette&#8221;][vc_row_inner][vc_column_inner width=&#8221;1\/3&#8243;][vc_single_image media=&#8221;113002&#8243; media_width_percent=&#8221;100&#8243; uncode_shortcode_id=&#8221;171251&#8243; media_link=&#8221;url:https%3A%2F%2Fgfps.de%2Fwp-content%2Fuploads%2F2024%2F05%2FGfPSmbH_Akkreditierungsurkunde_D-PL-13422-01-00_14.05.2024.pdf&#8221;][vc_icon position=&#8221;left&#8221; space_reduced=&#8221;yes&#8221; title_aligned_icon=&#8221;yes&#8221; icon=&#8221;fa fa-download&#8221; icon_color=&#8221;accent&#8221; heading_semantic=&#8221;h6&#8243; text_size=&#8221;h5&#8243; linked_title=&#8221;yes&#8221; uncode_shortcode_id=&#8221;213016&#8243; icon_color_type=&#8221;uncode-palette&#8221; title=&#8221;GfPSmH_D-PL-13422-01-00_14.05.2024&#8243; link=&#8221;url:https%3A%2F%2Fgfps.de%2Fwp-content%2Fuploads%2F2024%2F05%2FGfPSmbH_Akkreditierungsurkunde_D-PL-13422-01-00_14.05.2024.pdf|target:_blank|&#8221;][\/vc_icon][\/vc_column_inner][vc_column_inner width=&#8221;1\/3&#8243;][vc_single_image media=&#8221;113003&#8243; media_width_percent=&#8221;100&#8243; uncode_shortcode_id=&#8221;150373&#8243; media_link=&#8221;url:https%3A%2F%2Fgfps.de%2Fwp-content%2Fuploads%2F2024%2F05%2FGfPSmbH_Anlage_Akkreditierungsurkunde_D-PL-13422-01-00_14.05.2024.pdf&#8221;][vc_icon position=&#8221;left&#8221; space_reduced=&#8221;yes&#8221; title_aligned_icon=&#8221;yes&#8221; icon=&#8221;fa fa-download&#8221; icon_color=&#8221;accent&#8221; heading_semantic=&#8221;h6&#8243; text_size=&#8221;h5&#8243; linked_title=&#8221;yes&#8221; uncode_shortcode_id=&#8221;112133&#8243; icon_color_type=&#8221;uncode-palette&#8221; title=&#8221;GfPSmbH_Anlage_D-Pl-13422-01-00_14.05.2024&#8243; link=&#8221;url:https%3A%2F%2Fgfps.de%2Fwp-content%2Fuploads%2F2024%2F05%2FGfPSmbH_Anlage_Akkreditierungsurkunde_D-PL-13422-01-00_14.05.2024.pdf|target:_blank|&#8221;][\/vc_icon][\/vc_column_inner][vc_column_inner width=&#8221;1\/3&#8243;][vc_single_image media=&#8221;115392&#8243; media_width_percent=&#8221;100&#8243; uncode_shortcode_id=&#8221;131170&#8243; media_link=&#8221;url:https%3A%2F%2Fwww.gfps.de%2Fwp-content%2Fuploads%2F2025%2F06%2FGMP-Zertifikat-2025.pdf&#8221;][vc_icon position=&#8221;left&#8221; space_reduced=&#8221;yes&#8221; title_aligned_icon=&#8221;yes&#8221; icon=&#8221;fa fa-download&#8221; icon_color=&#8221;accent&#8221; heading_semantic=&#8221;h6&#8243; text_size=&#8221;h5&#8243; linked_title=&#8221;yes&#8221; uncode_shortcode_id=&#8221;139023&#8243; icon_color_type=&#8221;uncode-palette&#8221; title=&#8221;GfPSmbH_GMP-Certificate_2025&#8243; link=&#8221;url:https%3A%2F%2Fwww.gfps.de%2Fwp-content%2Fuploads%2F2025%2F06%2FGMP-Zertifikat-2025.pdf|target:_blank|&#8221;][\/vc_icon][\/vc_column_inner][\/vc_row_inner][vc_row_inner][vc_column_inner width=&#8221;1\/3&#8243;][vc_single_image media=&#8221;115269&#8243; media_width_percent=&#8221;100&#8243; uncode_shortcode_id=&#8221;153112&#8243; media_link=&#8221;url:https%3A%2F%2Fwww.gfps.de%2Fwp-content%2Fuploads%2F2025%2F04%2FLab_Certificate-002.pdf&#8221;][vc_icon position=&#8221;left&#8221; space_reduced=&#8221;yes&#8221; title_aligned_icon=&#8221;yes&#8221; icon=&#8221;fa fa-download&#8221; icon_color=&#8221;accent&#8221; heading_semantic=&#8221;h6&#8243; text_size=&#8221;h5&#8243; linked_title=&#8221;yes&#8221; uncode_shortcode_id=&#8221;207337&#8243; icon_color_type=&#8221;uncode-palette&#8221; title=&#8221;Download Lab Certificate&#8221; link=&#8221;url:https%3A%2F%2Fwww.gfps.de%2Fwp-content%2Fuploads%2F2025%2F04%2FLab_Certificate-002.pdf|target:_blank|&#8221;][\/vc_icon][\/vc_column_inner][vc_column_inner width=&#8221;1\/3&#8243;][\/vc_column_inner][vc_column_inner width=&#8221;1\/3&#8243;][\/vc_column_inner][\/vc_row_inner][vc_empty_space empty_h=&#8221;2&#8243;][\/vc_column][\/vc_row]<\/p>\n<\/div>","protected":false},"excerpt":{"rendered":"<p>[vc_row unlock_row_content=&#8221;yes&#8221; row_height_percent=&#8221;60&#8243; override_padding=&#8221;yes&#8221; h_padding=&#8221;0&#8243; top_padding=&#8221;0&#8243; bottom_padding=&#8221;0&#8243; back_color=&#8221;color-nhtu&#8221; back_image=&#8221;112033&#8243; back_position=&#8221;center center&#8221; overlay_color=&#8221;accent&#8221; overlay_alpha=&#8221;51&#8243; equal_height=&#8221;yes&#8221; gutter_size=&#8221;0&#8243; column_width_percent=&#8221;100&#8243; shift_y=&#8221;0&#8243; z_index=&#8221;0&#8243; enable_bottom_divider=&#8221;default&#8221; bottom_divider=&#8221;gradient&#8221; [&hellip;]<\/p>\n","protected":false},"author":1,"featured_media":0,"parent":0,"menu_order":0,"comment_status":"closed","ping_status":"closed","template":"","meta":{"footnotes":""},"class_list":["post-114290","page","type-page","status-publish","hentry"],"yoast_head":"<!-- This site is optimized with the Yoast SEO plugin v27.5 - https:\/\/yoast.com\/product\/yoast-seo-wordpress\/ -->\n<title>Accreditation - GfPS<\/title>\n<meta name=\"description\" content=\"We offer our customers a broad spectrum in the areas of medical products, cosmetics, the pharmaceutical industry and healthcare premises\" \/>\n<meta name=\"robots\" content=\"index, follow, max-snippet:-1, max-image-preview:large, max-video-preview:-1\" \/>\n<link rel=\"canonical\" href=\"https:\/\/www.gfps.de\/en\/accreditation\/\" \/>\n<meta property=\"og:locale\" content=\"en_US\" \/>\n<meta property=\"og:type\" content=\"article\" \/>\n<meta property=\"og:title\" content=\"Accreditation - GfPS\" \/>\n<meta property=\"og:description\" content=\"We offer our customers a broad spectrum in the areas of medical products, cosmetics, the pharmaceutical industry and healthcare premises\" \/>\n<meta property=\"og:url\" content=\"https:\/\/www.gfps.de\/en\/accreditation\/\" \/>\n<meta property=\"og:site_name\" content=\"GfPS\" \/>\n<meta property=\"article:modified_time\" content=\"2025-07-17T09:18:12+00:00\" \/>\n<meta name=\"twitter:card\" content=\"summary_large_image\" \/>\n<meta name=\"twitter:label1\" content=\"Est. reading time\" \/>\n\t<meta name=\"twitter:data1\" content=\"4 minutes\" \/>\n<script type=\"application\/ld+json\" class=\"yoast-schema-graph\">{\"@context\":\"https:\\\/\\\/schema.org\",\"@graph\":[{\"@type\":\"WebPage\",\"@id\":\"https:\\\/\\\/www.gfps.de\\\/en\\\/accreditation\\\/\",\"url\":\"https:\\\/\\\/www.gfps.de\\\/en\\\/accreditation\\\/\",\"name\":\"Accreditation - GfPS\",\"isPartOf\":{\"@id\":\"https:\\\/\\\/www.gfps.de\\\/en\\\/#website\"},\"datePublished\":\"2024-02-16T09:15:06+00:00\",\"dateModified\":\"2025-07-17T09:18:12+00:00\",\"description\":\"We offer our customers a broad spectrum in the areas of medical products, cosmetics, the pharmaceutical industry and healthcare premises\",\"breadcrumb\":{\"@id\":\"https:\\\/\\\/www.gfps.de\\\/en\\\/accreditation\\\/#breadcrumb\"},\"inLanguage\":\"en-US\",\"potentialAction\":[{\"@type\":\"ReadAction\",\"target\":[\"https:\\\/\\\/www.gfps.de\\\/en\\\/accreditation\\\/\"]}]},{\"@type\":\"BreadcrumbList\",\"@id\":\"https:\\\/\\\/www.gfps.de\\\/en\\\/accreditation\\\/#breadcrumb\",\"itemListElement\":[{\"@type\":\"ListItem\",\"position\":1,\"name\":\"Startseite\",\"item\":\"https:\\\/\\\/www.gfps.de\\\/en\\\/home\\\/\"},{\"@type\":\"ListItem\",\"position\":2,\"name\":\"Accreditation\"}]},{\"@type\":\"WebSite\",\"@id\":\"https:\\\/\\\/www.gfps.de\\\/en\\\/#website\",\"url\":\"https:\\\/\\\/www.gfps.de\\\/en\\\/\",\"name\":\"GfPS\",\"description\":\"Gepr\u00fcfte Qualit\u00e4t f\u00fcr Ihre Medizinprodukte\",\"potentialAction\":[{\"@type\":\"SearchAction\",\"target\":{\"@type\":\"EntryPoint\",\"urlTemplate\":\"https:\\\/\\\/www.gfps.de\\\/en\\\/?s={search_term_string}\"},\"query-input\":{\"@type\":\"PropertyValueSpecification\",\"valueRequired\":true,\"valueName\":\"search_term_string\"}}],\"inLanguage\":\"en-US\"}]}<\/script>\n<!-- \/ Yoast SEO plugin. -->","yoast_head_json":{"title":"Accreditation - GfPS","description":"We offer our customers a broad spectrum in the areas of medical products, cosmetics, the pharmaceutical industry and healthcare premises","robots":{"index":"index","follow":"follow","max-snippet":"max-snippet:-1","max-image-preview":"max-image-preview:large","max-video-preview":"max-video-preview:-1"},"canonical":"https:\/\/www.gfps.de\/en\/accreditation\/","og_locale":"en_US","og_type":"article","og_title":"Accreditation - GfPS","og_description":"We offer our customers a broad spectrum in the areas of medical products, cosmetics, the pharmaceutical industry and healthcare premises","og_url":"https:\/\/www.gfps.de\/en\/accreditation\/","og_site_name":"GfPS","article_modified_time":"2025-07-17T09:18:12+00:00","twitter_card":"summary_large_image","twitter_misc":{"Est. reading time":"4 minutes"},"schema":{"@context":"https:\/\/schema.org","@graph":[{"@type":"WebPage","@id":"https:\/\/www.gfps.de\/en\/accreditation\/","url":"https:\/\/www.gfps.de\/en\/accreditation\/","name":"Accreditation - GfPS","isPartOf":{"@id":"https:\/\/www.gfps.de\/en\/#website"},"datePublished":"2024-02-16T09:15:06+00:00","dateModified":"2025-07-17T09:18:12+00:00","description":"We offer our customers a broad spectrum in the areas of medical products, cosmetics, the pharmaceutical industry and healthcare premises","breadcrumb":{"@id":"https:\/\/www.gfps.de\/en\/accreditation\/#breadcrumb"},"inLanguage":"en-US","potentialAction":[{"@type":"ReadAction","target":["https:\/\/www.gfps.de\/en\/accreditation\/"]}]},{"@type":"BreadcrumbList","@id":"https:\/\/www.gfps.de\/en\/accreditation\/#breadcrumb","itemListElement":[{"@type":"ListItem","position":1,"name":"Startseite","item":"https:\/\/www.gfps.de\/en\/home\/"},{"@type":"ListItem","position":2,"name":"Accreditation"}]},{"@type":"WebSite","@id":"https:\/\/www.gfps.de\/en\/#website","url":"https:\/\/www.gfps.de\/en\/","name":"GfPS","description":"Gepr\u00fcfte Qualit\u00e4t f\u00fcr Ihre Medizinprodukte","potentialAction":[{"@type":"SearchAction","target":{"@type":"EntryPoint","urlTemplate":"https:\/\/www.gfps.de\/en\/?s={search_term_string}"},"query-input":{"@type":"PropertyValueSpecification","valueRequired":true,"valueName":"search_term_string"}}],"inLanguage":"en-US"}]}},"_links":{"self":[{"href":"https:\/\/www.gfps.de\/en\/wp-json\/wp\/v2\/pages\/114290","targetHints":{"allow":["GET"]}}],"collection":[{"href":"https:\/\/www.gfps.de\/en\/wp-json\/wp\/v2\/pages"}],"about":[{"href":"https:\/\/www.gfps.de\/en\/wp-json\/wp\/v2\/types\/page"}],"author":[{"embeddable":true,"href":"https:\/\/www.gfps.de\/en\/wp-json\/wp\/v2\/users\/1"}],"replies":[{"embeddable":true,"href":"https:\/\/www.gfps.de\/en\/wp-json\/wp\/v2\/comments?post=114290"}],"version-history":[{"count":14,"href":"https:\/\/www.gfps.de\/en\/wp-json\/wp\/v2\/pages\/114290\/revisions"}],"predecessor-version":[{"id":115418,"href":"https:\/\/www.gfps.de\/en\/wp-json\/wp\/v2\/pages\/114290\/revisions\/115418"}],"wp:attachment":[{"href":"https:\/\/www.gfps.de\/en\/wp-json\/wp\/v2\/media?parent=114290"}],"curies":[{"name":"wp","href":"https:\/\/api.w.org\/{rel}","templated":true}]}}