{"id":114287,"date":"2023-03-30T05:59:05","date_gmt":"2023-03-30T03:59:05","guid":{"rendered":"https:\/\/webserver.gfps.de\/company-profile\/"},"modified":"2024-08-19T15:27:41","modified_gmt":"2024-08-19T13:27:41","slug":"company-profile","status":"publish","type":"page","link":"https:\/\/www.gfps.de\/en\/company-profile\/","title":{"rendered":"Company profile"},"content":{"rendered":"<div class=\"wpb-content-wrapper\"><p>[vc_row unlock_row_content=&#8221;yes&#8221; row_height_percent=&#8221;60&#8243; override_padding=&#8221;yes&#8221; h_padding=&#8221;0&#8243; top_padding=&#8221;0&#8243; bottom_padding=&#8221;0&#8243; back_color=&#8221;color-nhtu&#8221; back_image=&#8221;112033&#8243; back_position=&#8221;center center&#8221; overlay_color=&#8221;accent&#8221; overlay_alpha=&#8221;51&#8243; equal_height=&#8221;yes&#8221; gutter_size=&#8221;0&#8243; column_width_percent=&#8221;100&#8243; shift_y=&#8221;0&#8243; z_index=&#8221;0&#8243; enable_bottom_divider=&#8221;default&#8221; bottom_divider=&#8221;gradient&#8221; shape_bottom_h_use_pixel=&#8221;true&#8221; shape_bottom_height_percent=&#8221;100&#8243; shape_bottom_color=&#8221;accent&#8221; shape_bottom_opacity=&#8221;90&#8243; shape_bottom_index=&#8221;0&#8243; row_height_pixel=&#8221;280&#8243; row_name=&#8221;Intro&#8221; uncode_shortcode_id=&#8221;102414&#8243; back_color_type=&#8221;uncode-palette&#8221; shape_bottom_color_type=&#8221;uncode-palette&#8221; overlay_color_type=&#8221;uncode-palette&#8221;][vc_column column_width_percent=&#8221;100&#8243; position_horizontal=&#8221;left&#8221; position_vertical=&#8221;bottom&#8221; gutter_size=&#8221;1&#8243; override_padding=&#8221;yes&#8221; column_padding=&#8221;4&#8243; style=&#8221;dark&#8221; overlay_alpha=&#8221;50&#8243; shift_x=&#8221;0&#8243; shift_y=&#8221;0&#8243; shift_y_down=&#8221;0&#8243; z_index=&#8221;0&#8243; align_medium=&#8221;align_left_tablet&#8221; medium_width=&#8221;0&#8243; align_mobile=&#8221;align_left_mobile&#8221; mobile_width=&#8221;0&#8243; css_animation=&#8221;bottom-t-top&#8221; animation_speed=&#8221;1000&#8243; width=&#8221;1\/1&#8243; uncode_shortcode_id=&#8221;206818&#8243;][vc_custom_heading heading_semantic=&#8221;h3&#8243; text_size=&#8221;h4&#8243; text_weight=&#8221;300&#8243; text_transform=&#8221;uppercase&#8221; text_space=&#8221;fontspace-210350&#8243; sub_lead=&#8221;yes&#8221; sub_reduced=&#8221;yes&#8221; uncode_shortcode_id=&#8221;193307&#8243;]Rely on our expertise in medical device analysis[\/vc_custom_heading][vc_custom_heading heading_semantic=&#8221;h1&#8243; text_size=&#8221;fontsize-155944&#8243; text_weight=&#8221;800&#8243; text_transform=&#8221;uppercase&#8221; text_space=&#8221;fontspace-111509&#8243; sub_lead=&#8221;yes&#8221; sub_reduced=&#8221;yes&#8221; uncode_shortcode_id=&#8221;600388&#8243;]Accredited &amp; GMP-certified analytics[\/vc_custom_heading][\/vc_column][\/vc_row][vc_row unlock_row_content=&#8221;yes&#8221; row_height_percent=&#8221;55&#8243; override_padding=&#8221;yes&#8221; h_padding=&#8221;0&#8243; top_padding=&#8221;0&#8243; bottom_padding=&#8221;0&#8243; back_color=&#8221;color-lxmt&#8221; overlay_alpha=&#8221;0&#8243; equal_height=&#8221;yes&#8221; gutter_size=&#8221;0&#8243; column_width_percent=&#8221;100&#8243; shift_y=&#8221;0&#8243; z_index=&#8221;0&#8243; style=&#8221;inherited&#8221; uncode_shortcode_id=&#8221;180216&#8243; back_color_type=&#8221;uncode-palette&#8221;][vc_column column_width_percent=&#8221;100&#8243; gutter_size=&#8221;2&#8243; override_padding=&#8221;yes&#8221; column_padding=&#8221;4&#8243; style=&#8221;light&#8221; back_color=&#8221;color-lxmt&#8221; overlay_alpha=&#8221;50&#8243; shift_x=&#8221;0&#8243; shift_y=&#8221;0&#8243; shift_y_down=&#8221;0&#8243; z_index=&#8221;0&#8243; align_medium=&#8221;align_left_tablet&#8221; medium_width=&#8221;0&#8243; align_mobile=&#8221;align_left_mobile&#8221; mobile_width=&#8221;0&#8243; css_animation=&#8221;bottom-t-top&#8221; animation_delay=&#8221;200&#8243; width=&#8221;3\/4&#8243; uncode_shortcode_id=&#8221;997584&#8243; back_color_type=&#8221;uncode-palette&#8221;][vc_custom_heading text_weight=&#8221;800&#8243; text_transform=&#8221;uppercase&#8221; text_space=&#8221;fontspace-111509&#8243; text_uppercase=&#8221;&#8221; text_align=&#8221;text-left&#8221; uncode_shortcode_id=&#8221;378206&#8243;]The history of GfPS mbH[\/vc_custom_heading][vc_column_text text_color=&#8221;color-wvjs&#8221; uncode_shortcode_id=&#8221;123001&#8243; text_color_type=&#8221;uncode-palette&#8221;]<strong>Pioneering work in biological and microbiological analysis for medical devices<\/strong> We would like to give you an insight into the history of GfPS mbH in Aachen. We were founded in 1992 by Richard R\u00fcdiger Dietz. Our company has undergone impressive development over the years, particularly with regard to biological and microbiological analysis for medical devices.[\/vc_column_text][vc_empty_space empty_h=&#8221;2&#8243;][vc_column_text text_color=&#8221;color-wvjs&#8221; uncode_shortcode_id=&#8221;172851&#8243; text_color_type=&#8221;uncode-palette&#8221;]<strong>The beginnings and the vision<\/strong> The founding of GfPS mbH for laboratory technology solutions in the field of analysis for medical devices was the result of R\u00fcdiger Dietz&#8217;s many years of experience and passion.<br \/>\nAs an experienced expert in the laboratory sector, he had a clear vision of contributing his knowledge and skills to the development of analytical methods and solutions for the medical device industry.  This is how GfPS mbH came into being. Today, we can look back on over 30 years of successful projects and satisfied customers.<br \/>\nGfPS mbH strives to continue to offer its expertise in biological, microbiological, physical and chemical analysis for medical devices.<br \/>\nWe are ready to actively shape the future of medical device manufacturing and contribute our analytical expertise.[\/vc_column_text][vc_empty_space empty_h=&#8221;2&#8243;][vc_row_inner][vc_column_inner column_width_percent=&#8221;100&#8243; gutter_size=&#8221;1&#8243; overlay_alpha=&#8221;50&#8243; shift_x=&#8221;0&#8243; shift_y=&#8221;0&#8243; shift_y_down=&#8221;0&#8243; z_index=&#8221;0&#8243; medium_width=&#8221;0&#8243; mobile_width=&#8221;0&#8243; width=&#8221;1\/2&#8243; uncode_shortcode_id=&#8221;765081&#8243;][vc_single_image media=&#8221;112822&#8243; media_width_percent=&#8221;100&#8243; uncode_shortcode_id=&#8221;444020&#8243;][vc_column_text text_color=&#8221;color-wvjs&#8221; uncode_shortcode_id=&#8221;125668&#8243; text_color_type=&#8221;uncode-palette&#8221;]R. R\u00fcdiger Dietz (2014 \u2020)[\/vc_column_text][\/vc_column_inner][vc_column_inner column_width_percent=&#8221;100&#8243; gutter_size=&#8221;1&#8243; overlay_alpha=&#8221;50&#8243; shift_x=&#8221;0&#8243; shift_y=&#8221;0&#8243; shift_y_down=&#8221;0&#8243; z_index=&#8221;0&#8243; medium_width=&#8221;0&#8243; mobile_width=&#8221;0&#8243; width=&#8221;1\/2&#8243; uncode_shortcode_id=&#8221;472616&#8243;][vc_single_image media=&#8221;111846&#8243; media_width_percent=&#8221;100&#8243; uncode_shortcode_id=&#8221;104351&#8243;][vc_column_text text_color=&#8221;color-wvjs&#8221; uncode_shortcode_id=&#8221;118807&#8243; text_color_type=&#8221;uncode-palette&#8221;]Dr. Simon Dietz[\/vc_column_text][\/vc_column_inner][\/vc_row_inner][vc_empty_space empty_h=&#8221;2&#8243;][vc_column_text text_color=&#8221;color-wvjs&#8221; uncode_shortcode_id=&#8221;953132&#8243; text_color_type=&#8221;uncode-palette&#8221;]<strong>The generational handover to Dr. Simon Dietz <\/strong>Tradition and progress in the field of analytics In 2010, the management of GfPS mbH was handed over to Dr. Simon Dietz, the son of the founder. With a strong family connection to the company and a deep understanding of the importance of biological and microbiological analysis for medical devices, Dr. Simon Dietz continued the tradition of outstanding customer care and expertise. Under his leadership, GfPS mbH expanded its services in the field of analytics and thus made a significant contribution to the safety and quality of medical products.[\/vc_column_text][vc_empty_space empty_h=&#8221;2&#8243;][vc_column_text text_color=&#8221;color-wvjs&#8221; uncode_shortcode_id=&#8221;214170&#8243; text_color_type=&#8221;uncode-palette&#8221;]<strong>Looking to the future <\/strong>Today, we can look back on over 30 years of successful projects and satisfied customers. GfPS mbH remains committed to continuing to offer its expertise in biological and microbiological analysis for medical devices. We are ready to play an active role in shaping the future of medical device manufacturing and continue to contribute our analytical skills. We would like to thank our customers and partners for their long-standing support and look forward to continuing to work together in the future. If you would like to find out more about our services in the field of biological, microbiological and physical analysis for medical devices, please do not hesitate to contact us. Please contact us if you have any questions.[\/vc_column_text][\/vc_column][vc_column column_width_percent=&#8221;100&#8243; position_vertical=&#8221;middle&#8221; align_horizontal=&#8221;align_center&#8221; gutter_size=&#8221;3&#8243; override_padding=&#8221;yes&#8221; column_padding=&#8221;4&#8243; overlay_alpha=&#8221;0&#8243; shift_x=&#8221;0&#8243; shift_y=&#8221;0&#8243; shift_y_down=&#8221;0&#8243; z_index=&#8221;0&#8243; medium_visibility=&#8221;yes&#8221; medium_width=&#8221;0&#8243; mobile_visibility=&#8221;yes&#8221; mobile_width=&#8221;0&#8243; css_animation=&#8221;bottom-t-top&#8221; animation_delay=&#8221;400&#8243; zoom_width=&#8221;0&#8243; zoom_height=&#8221;0&#8243; width=&#8221;1\/4&#8243; uncode_shortcode_id=&#8221;149232&#8243;][\/vc_column][\/vc_row]<\/p>\n<\/div>","protected":false},"excerpt":{"rendered":"<p>[vc_row unlock_row_content=&#8221;yes&#8221; row_height_percent=&#8221;60&#8243; override_padding=&#8221;yes&#8221; h_padding=&#8221;0&#8243; top_padding=&#8221;0&#8243; bottom_padding=&#8221;0&#8243; back_color=&#8221;color-nhtu&#8221; back_image=&#8221;112033&#8243; back_position=&#8221;center center&#8221; overlay_color=&#8221;accent&#8221; overlay_alpha=&#8221;51&#8243; equal_height=&#8221;yes&#8221; gutter_size=&#8221;0&#8243; column_width_percent=&#8221;100&#8243; shift_y=&#8221;0&#8243; z_index=&#8221;0&#8243; enable_bottom_divider=&#8221;default&#8221; bottom_divider=&#8221;gradient&#8221; [&hellip;]<\/p>\n","protected":false},"author":1,"featured_media":0,"parent":0,"menu_order":0,"comment_status":"closed","ping_status":"closed","template":"","meta":{"footnotes":""},"class_list":["post-114287","page","type-page","status-publish","hentry"],"yoast_head":"<!-- This site is optimized with the Yoast SEO plugin v27.5 - https:\/\/yoast.com\/product\/yoast-seo-wordpress\/ -->\n<title>Company profile - GfPS<\/title>\n<meta name=\"description\" content=\"We are a DAkkS-accredited, GMP-certified testing laboratory in Aachen and specialize in testing and certified analytics.\" \/>\n<meta name=\"robots\" content=\"index, follow, max-snippet:-1, max-image-preview:large, max-video-preview:-1\" \/>\n<link rel=\"canonical\" href=\"https:\/\/www.gfps.de\/en\/company-profile\/\" \/>\n<meta property=\"og:locale\" content=\"en_US\" \/>\n<meta property=\"og:type\" content=\"article\" \/>\n<meta property=\"og:title\" content=\"Company profile - GfPS\" \/>\n<meta property=\"og:description\" content=\"We are a DAkkS-accredited, GMP-certified testing laboratory in Aachen and specialize in testing and certified analytics.\" \/>\n<meta property=\"og:url\" content=\"https:\/\/www.gfps.de\/en\/company-profile\/\" \/>\n<meta property=\"og:site_name\" content=\"GfPS\" \/>\n<meta property=\"article:modified_time\" content=\"2024-08-19T13:27:41+00:00\" \/>\n<meta name=\"twitter:card\" content=\"summary_large_image\" \/>\n<meta name=\"twitter:label1\" content=\"Est. reading time\" \/>\n\t<meta name=\"twitter:data1\" content=\"5 minutes\" \/>\n<script type=\"application\/ld+json\" class=\"yoast-schema-graph\">{\"@context\":\"https:\\\/\\\/schema.org\",\"@graph\":[{\"@type\":\"WebPage\",\"@id\":\"https:\\\/\\\/www.gfps.de\\\/en\\\/company-profile\\\/\",\"url\":\"https:\\\/\\\/www.gfps.de\\\/en\\\/company-profile\\\/\",\"name\":\"Company profile - GfPS\",\"isPartOf\":{\"@id\":\"https:\\\/\\\/www.gfps.de\\\/en\\\/#website\"},\"datePublished\":\"2023-03-30T03:59:05+00:00\",\"dateModified\":\"2024-08-19T13:27:41+00:00\",\"description\":\"We are a DAkkS-accredited, GMP-certified testing laboratory in Aachen and specialize in testing and certified analytics.\",\"breadcrumb\":{\"@id\":\"https:\\\/\\\/www.gfps.de\\\/en\\\/company-profile\\\/#breadcrumb\"},\"inLanguage\":\"en-US\",\"potentialAction\":[{\"@type\":\"ReadAction\",\"target\":[\"https:\\\/\\\/www.gfps.de\\\/en\\\/company-profile\\\/\"]}]},{\"@type\":\"BreadcrumbList\",\"@id\":\"https:\\\/\\\/www.gfps.de\\\/en\\\/company-profile\\\/#breadcrumb\",\"itemListElement\":[{\"@type\":\"ListItem\",\"position\":1,\"name\":\"Startseite\",\"item\":\"https:\\\/\\\/www.gfps.de\\\/en\\\/home\\\/\"},{\"@type\":\"ListItem\",\"position\":2,\"name\":\"Company profile\"}]},{\"@type\":\"WebSite\",\"@id\":\"https:\\\/\\\/www.gfps.de\\\/en\\\/#website\",\"url\":\"https:\\\/\\\/www.gfps.de\\\/en\\\/\",\"name\":\"GfPS\",\"description\":\"Gepr\u00fcfte Qualit\u00e4t f\u00fcr Ihre Medizinprodukte\",\"potentialAction\":[{\"@type\":\"SearchAction\",\"target\":{\"@type\":\"EntryPoint\",\"urlTemplate\":\"https:\\\/\\\/www.gfps.de\\\/en\\\/?s={search_term_string}\"},\"query-input\":{\"@type\":\"PropertyValueSpecification\",\"valueRequired\":true,\"valueName\":\"search_term_string\"}}],\"inLanguage\":\"en-US\"}]}<\/script>\n<!-- \/ Yoast SEO plugin. -->","yoast_head_json":{"title":"Company profile - GfPS","description":"We are a DAkkS-accredited, GMP-certified testing laboratory in Aachen and specialize in testing and certified analytics.","robots":{"index":"index","follow":"follow","max-snippet":"max-snippet:-1","max-image-preview":"max-image-preview:large","max-video-preview":"max-video-preview:-1"},"canonical":"https:\/\/www.gfps.de\/en\/company-profile\/","og_locale":"en_US","og_type":"article","og_title":"Company profile - GfPS","og_description":"We are a DAkkS-accredited, GMP-certified testing laboratory in Aachen and specialize in testing and certified analytics.","og_url":"https:\/\/www.gfps.de\/en\/company-profile\/","og_site_name":"GfPS","article_modified_time":"2024-08-19T13:27:41+00:00","twitter_card":"summary_large_image","twitter_misc":{"Est. reading time":"5 minutes"},"schema":{"@context":"https:\/\/schema.org","@graph":[{"@type":"WebPage","@id":"https:\/\/www.gfps.de\/en\/company-profile\/","url":"https:\/\/www.gfps.de\/en\/company-profile\/","name":"Company profile - GfPS","isPartOf":{"@id":"https:\/\/www.gfps.de\/en\/#website"},"datePublished":"2023-03-30T03:59:05+00:00","dateModified":"2024-08-19T13:27:41+00:00","description":"We are a DAkkS-accredited, GMP-certified testing laboratory in Aachen and specialize in testing and certified analytics.","breadcrumb":{"@id":"https:\/\/www.gfps.de\/en\/company-profile\/#breadcrumb"},"inLanguage":"en-US","potentialAction":[{"@type":"ReadAction","target":["https:\/\/www.gfps.de\/en\/company-profile\/"]}]},{"@type":"BreadcrumbList","@id":"https:\/\/www.gfps.de\/en\/company-profile\/#breadcrumb","itemListElement":[{"@type":"ListItem","position":1,"name":"Startseite","item":"https:\/\/www.gfps.de\/en\/home\/"},{"@type":"ListItem","position":2,"name":"Company profile"}]},{"@type":"WebSite","@id":"https:\/\/www.gfps.de\/en\/#website","url":"https:\/\/www.gfps.de\/en\/","name":"GfPS","description":"Gepr\u00fcfte Qualit\u00e4t f\u00fcr Ihre Medizinprodukte","potentialAction":[{"@type":"SearchAction","target":{"@type":"EntryPoint","urlTemplate":"https:\/\/www.gfps.de\/en\/?s={search_term_string}"},"query-input":{"@type":"PropertyValueSpecification","valueRequired":true,"valueName":"search_term_string"}}],"inLanguage":"en-US"}]}},"_links":{"self":[{"href":"https:\/\/www.gfps.de\/en\/wp-json\/wp\/v2\/pages\/114287","targetHints":{"allow":["GET"]}}],"collection":[{"href":"https:\/\/www.gfps.de\/en\/wp-json\/wp\/v2\/pages"}],"about":[{"href":"https:\/\/www.gfps.de\/en\/wp-json\/wp\/v2\/types\/page"}],"author":[{"embeddable":true,"href":"https:\/\/www.gfps.de\/en\/wp-json\/wp\/v2\/users\/1"}],"replies":[{"embeddable":true,"href":"https:\/\/www.gfps.de\/en\/wp-json\/wp\/v2\/comments?post=114287"}],"version-history":[{"count":4,"href":"https:\/\/www.gfps.de\/en\/wp-json\/wp\/v2\/pages\/114287\/revisions"}],"predecessor-version":[{"id":114913,"href":"https:\/\/www.gfps.de\/en\/wp-json\/wp\/v2\/pages\/114287\/revisions\/114913"}],"wp:attachment":[{"href":"https:\/\/www.gfps.de\/en\/wp-json\/wp\/v2\/media?parent=114287"}],"curies":[{"name":"wp","href":"https:\/\/api.w.org\/{rel}","templated":true}]}}