{"id":114251,"date":"2024-04-11T10:59:03","date_gmt":"2024-04-11T08:59:03","guid":{"rendered":"https:\/\/webserver.gfps.de\/hygiene-inspection-of-hvac-systems-and-appliances\/"},"modified":"2024-06-14T19:04:21","modified_gmt":"2024-06-14T17:04:21","slug":"hygiene-inspection-of-hvac-systems-and-appliances","status":"publish","type":"page","link":"https:\/\/www.gfps.de\/en\/hygiene-inspection-of-hvac-systems-and-appliances\/","title":{"rendered":"Hygiene inspection of HVAC systems and appliances"},"content":{"rendered":"<div class=\"wpb-content-wrapper\"><p>[vc_row unlock_row_content=&#8221;yes&#8221; row_height_percent=&#8221;60&#8243; override_padding=&#8221;yes&#8221; h_padding=&#8221;0&#8243; top_padding=&#8221;0&#8243; bottom_padding=&#8221;0&#8243; back_color=&#8221;color-nhtu&#8221; back_image=&#8221;112122&#8243; back_position=&#8221;center center&#8221; overlay_color=&#8221;accent&#8221; overlay_alpha=&#8221;51&#8243; equal_height=&#8221;yes&#8221; gutter_size=&#8221;0&#8243; column_width_percent=&#8221;100&#8243; shift_y=&#8221;0&#8243; z_index=&#8221;0&#8243; enable_bottom_divider=&#8221;default&#8221; bottom_divider=&#8221;gradient&#8221; shape_bottom_h_use_pixel=&#8221;true&#8221; shape_bottom_height_percent=&#8221;100&#8243; shape_bottom_color=&#8221;accent&#8221; shape_bottom_opacity=&#8221;90&#8243; shape_bottom_index=&#8221;0&#8243; row_height_pixel=&#8221;280&#8243; row_name=&#8221;Intro&#8221; uncode_shortcode_id=&#8221;878705&#8243; back_color_type=&#8221;uncode-palette&#8221; shape_bottom_color_type=&#8221;uncode-palette&#8221; overlay_color_type=&#8221;uncode-palette&#8221;][vc_column column_width_percent=&#8221;100&#8243; position_horizontal=&#8221;left&#8221; position_vertical=&#8221;bottom&#8221; gutter_size=&#8221;2&#8243; override_padding=&#8221;yes&#8221; column_padding=&#8221;4&#8243; style=&#8221;dark&#8221; overlay_alpha=&#8221;50&#8243; shift_x=&#8221;0&#8243; shift_y=&#8221;0&#8243; shift_y_down=&#8221;0&#8243; z_index=&#8221;0&#8243; align_medium=&#8221;align_left_tablet&#8221; medium_width=&#8221;0&#8243; align_mobile=&#8221;align_left_mobile&#8221; mobile_width=&#8221;0&#8243; css_animation=&#8221;bottom-t-top&#8221; animation_speed=&#8221;1000&#8243; width=&#8221;1\/1&#8243; uncode_shortcode_id=&#8221;773423&#8243;][vc_custom_heading heading_semantic=&#8221;h3&#8243; text_size=&#8221;h4&#8243; text_weight=&#8221;300&#8243; text_transform=&#8221;uppercase&#8221; text_space=&#8221;fontspace-210350&#8243; sub_lead=&#8221;yes&#8221; sub_reduced=&#8221;yes&#8221; uncode_shortcode_id=&#8221;839808&#8243;]Clean room[\/vc_custom_heading][vc_custom_heading heading_semantic=&#8221;h1&#8243; text_size=&#8221;fontsize-155944&#8243; text_weight=&#8221;800&#8243; text_transform=&#8221;uppercase&#8221; text_space=&#8221;fontspace-111509&#8243; sub_lead=&#8221;yes&#8221; sub_reduced=&#8221;yes&#8221; uncode_shortcode_id=&#8221;860045&#8243;]Hygiene inspection of HVAC systems and appliances[\/vc_custom_heading][\/vc_column][\/vc_row][vc_row unlock_row_content=&#8221;yes&#8221; row_height_percent=&#8221;0&#8243; override_padding=&#8221;yes&#8221; h_padding=&#8221;0&#8243; top_padding=&#8221;0&#8243; bottom_padding=&#8221;0&#8243; back_color=&#8221;color-lxmt&#8221; overlay_alpha=&#8221;0&#8243; equal_height=&#8221;yes&#8221; gutter_size=&#8221;0&#8243; column_width_percent=&#8221;100&#8243; shift_y=&#8221;0&#8243; z_index=&#8221;0&#8243; style=&#8221;inherited&#8221; uncode_shortcode_id=&#8221;106173&#8243; back_color_type=&#8221;uncode-palette&#8221;][vc_column column_width_percent=&#8221;100&#8243; gutter_size=&#8221;2&#8243; override_padding=&#8221;yes&#8221; column_padding=&#8221;4&#8243; style=&#8221;light&#8221; back_color=&#8221;color-lxmt&#8221; overlay_alpha=&#8221;50&#8243; shift_x=&#8221;0&#8243; shift_y=&#8221;0&#8243; shift_y_down=&#8221;0&#8243; z_index=&#8221;0&#8243; align_medium=&#8221;align_left_tablet&#8221; medium_width=&#8221;0&#8243; align_mobile=&#8221;align_left_mobile&#8221; mobile_width=&#8221;0&#8243; css_animation=&#8221;bottom-t-top&#8221; animation_delay=&#8221;200&#8243; width=&#8221;3\/4&#8243; uncode_shortcode_id=&#8221;116340&#8243; back_color_type=&#8221;uncode-palette&#8221;][vc_column_text uncode_shortcode_id=&#8221;172898&#8243;]Air handling units (AHUs) are special HVAC systems that are used in clean rooms to control and maintain the air quality in these sensitive environments. Cleanrooms are specially designed rooms in which environmental influences are reduced to an absolute minimum in order to protect sensitive production processes or research procedures from contamination.[\/vc_column_text][\/vc_column][vc_column column_width_percent=&#8221;100&#8243; position_vertical=&#8221;middle&#8221; align_horizontal=&#8221;align_center&#8221; gutter_size=&#8221;3&#8243; override_padding=&#8221;yes&#8221; column_padding=&#8221;4&#8243; overlay_alpha=&#8221;0&#8243; shift_x=&#8221;0&#8243; shift_y=&#8221;0&#8243; shift_y_down=&#8221;0&#8243; z_index=&#8221;0&#8243; medium_visibility=&#8221;yes&#8221; medium_width=&#8221;0&#8243; mobile_visibility=&#8221;yes&#8221; mobile_width=&#8221;0&#8243; css_animation=&#8221;bottom-t-top&#8221; animation_delay=&#8221;400&#8243; zoom_width=&#8221;0&#8243; zoom_height=&#8221;0&#8243; width=&#8221;1\/4&#8243; uncode_shortcode_id=&#8221;184491&#8243;][\/vc_column][\/vc_row][vc_row unlock_row_content=&#8221;yes&#8221; row_height_percent=&#8221;55&#8243; override_padding=&#8221;yes&#8221; h_padding=&#8221;0&#8243; top_padding=&#8221;0&#8243; bottom_padding=&#8221;0&#8243; back_color=&#8221;color-nhtu&#8221; overlay_alpha=&#8221;0&#8243; equal_height=&#8221;yes&#8221; gutter_size=&#8221;0&#8243; column_width_percent=&#8221;100&#8243; shift_y=&#8221;0&#8243; z_index=&#8221;0&#8243; style=&#8221;inherited&#8221;][vc_column column_width_percent=&#8221;100&#8243; position_vertical=&#8221;middle&#8221; align_horizontal=&#8221;align_center&#8221; gutter_size=&#8221;3&#8243; override_padding=&#8221;yes&#8221; column_padding=&#8221;4&#8243; back_color=&#8221;color-rgdb&#8221; back_image=&#8221;112986&#8243; back_position=&#8221;center center&#8221; overlay_alpha=&#8221;0&#8243; shift_x=&#8221;0&#8243; shift_y=&#8221;0&#8243; shift_y_down=&#8221;0&#8243; z_index=&#8221;0&#8243; medium_width=&#8221;0&#8243; mobile_width=&#8221;0&#8243; css_animation=&#8221;bottom-t-top&#8221; animation_delay=&#8221;400&#8243; zoom_width=&#8221;0&#8243; zoom_height=&#8221;0&#8243; width=&#8221;1\/4&#8243; uncode_shortcode_id=&#8221;679560&#8243; back_color_type=&#8221;uncode-palette&#8221; mobile_height=&#8221;300&#8243;][\/vc_column][vc_column column_width_percent=&#8221;100&#8243; gutter_size=&#8221;2&#8243; override_padding=&#8221;yes&#8221; column_padding=&#8221;4&#8243; style=&#8221;light&#8221; back_color=&#8221;color-xsdn&#8221; overlay_alpha=&#8221;50&#8243; shift_x=&#8221;0&#8243; shift_y=&#8221;0&#8243; shift_y_down=&#8221;0&#8243; z_index=&#8221;0&#8243; align_medium=&#8221;align_left_tablet&#8221; medium_width=&#8221;0&#8243; align_mobile=&#8221;align_left_mobile&#8221; mobile_width=&#8221;0&#8243; css_animation=&#8221;bottom-t-top&#8221; animation_delay=&#8221;200&#8243; width=&#8221;3\/4&#8243; uncode_shortcode_id=&#8221;188419&#8243; back_color_type=&#8221;uncode-palette&#8221;][vc_custom_heading text_font=&#8221;font-136269&#8243; text_weight=&#8221;800&#8243; text_transform=&#8221;uppercase&#8221; text_space=&#8221;fontspace-111509&#8243; text_uppercase=&#8221;&#8221; text_align=&#8221;text-left&#8221; uncode_shortcode_id=&#8221;879709&#8243;]Hygiene inspection of HVAC systems and appliances[\/vc_custom_heading][vc_column_text uncode_shortcode_id=&#8221;211644&#8243;]The air in cleanrooms must be continuously filtered, tempered and humidified to ensure that there are no particles or impurities that could affect the quality of the manufactured products or the results of the research. HVAC systems play a key role here by efficiently cleaning and controlling the air within the cleanroom.<br \/>\nThe most important components of an HVAC system are air filters, ventilation systems, humidifiers and air conditioning units. The air filters in an HVAC system are of crucial importance as they remove particles and impurities from the air and ensure the purity of the air in the cleanroom. Depending on the cleanliness class of the cleanroom, different types of filters can be used to meet the different requirements.<br \/>\nThe ventilation system of an air handling unit ensures continuous air exchange in the cleanroom in order to maintain air quality. This can be done by using HEPA filters and fans to circulate the air through the cleanroom and minimize the spread of contaminants.<br \/>\nHumidifiers and air conditioning units in an air conditioning system are responsible for keeping the humidity and temperature in the cleanroom at a constant and controlled level. This is crucial for maintaining optimum conditions for production or research in the cleanroom.<br \/>\nAll in all, air handling units are indispensable components for maintaining air quality in cleanrooms.<\/p>\n<p>HVAC systems are commissioned in accordance with the guidelines of VDI 6022, DIN EN 13779 and DIN 1946-4. These guidelines define the requirements for the planning, construction, operation and maintenance of air conditioning systems to ensure that they meet the requirements for indoor air quality and hygiene.[\/vc_column_text][vc_empty_space empty_h=&#8221;1&#8243;][vc_separator sep_color=&#8221;color-983180&#8243; uncode_shortcode_id=&#8221;145671&#8243; sep_color_type=&#8221;uncode-palette&#8221;][vc_empty_space empty_h=&#8221;1&#8243;][vc_column_text text_color=&#8221;color-wvjs&#8221; uncode_shortcode_id=&#8221;204319&#8243; text_color_type=&#8221;uncode-palette&#8221;]<strong>Directive:<\/strong><\/p>\n<ul>\n<li>VDI 6022<\/li>\n<\/ul>\n<p>[\/vc_column_text][vc_empty_space empty_h=&#8221;1&#8243;][vc_separator sep_color=&#8221;color-983180&#8243; uncode_shortcode_id=&#8221;107261&#8243; sep_color_type=&#8221;uncode-palette&#8221;][vc_empty_space empty_h=&#8221;1&#8243;][vc_column_text uncode_shortcode_id=&#8221;182280&#8243;]We will be happy to assist you with your questions at <strong><br \/>\n  <a href=\"mailto:aussendienst@gfps.de\">aussendienst@gfps.de<\/a><br \/>\n<\/strong>[\/vc_column_text][\/vc_column][\/vc_row]<\/p>\n<\/div>","protected":false},"excerpt":{"rendered":"<p>[vc_row unlock_row_content=&#8221;yes&#8221; row_height_percent=&#8221;60&#8243; override_padding=&#8221;yes&#8221; h_padding=&#8221;0&#8243; top_padding=&#8221;0&#8243; bottom_padding=&#8221;0&#8243; back_color=&#8221;color-nhtu&#8221; back_image=&#8221;112122&#8243; back_position=&#8221;center center&#8221; overlay_color=&#8221;accent&#8221; overlay_alpha=&#8221;51&#8243; equal_height=&#8221;yes&#8221; gutter_size=&#8221;0&#8243; column_width_percent=&#8221;100&#8243; shift_y=&#8221;0&#8243; z_index=&#8221;0&#8243; enable_bottom_divider=&#8221;default&#8221; bottom_divider=&#8221;gradient&#8221; [&hellip;]<\/p>\n","protected":false},"author":1,"featured_media":0,"parent":0,"menu_order":0,"comment_status":"closed","ping_status":"closed","template":"","meta":{"footnotes":""},"class_list":["post-114251","page","type-page","status-publish","hentry"],"yoast_head":"<!-- This site is optimized with the Yoast SEO plugin v24.9 - https:\/\/yoast.com\/wordpress\/plugins\/seo\/ -->\n<title>Hygiene inspection of HVAC systems and appliances - GfPS<\/title>\n<meta name=\"description\" content=\"Air handling units (AHUs) are special HVAC systems that are used in clean rooms ...\" \/>\n<meta name=\"robots\" content=\"index, follow, max-snippet:-1, max-image-preview:large, max-video-preview:-1\" \/>\n<link rel=\"canonical\" href=\"https:\/\/www.gfps.de\/en\/hygiene-inspection-of-hvac-systems-and-appliances\/\" \/>\n<meta property=\"og:locale\" content=\"en_US\" \/>\n<meta property=\"og:type\" content=\"article\" \/>\n<meta property=\"og:title\" content=\"Hygiene inspection of HVAC systems and appliances - GfPS\" \/>\n<meta property=\"og:description\" content=\"Air handling units (AHUs) are special HVAC systems that are used in clean rooms ...\" \/>\n<meta property=\"og:url\" content=\"https:\/\/www.gfps.de\/en\/hygiene-inspection-of-hvac-systems-and-appliances\/\" \/>\n<meta property=\"og:site_name\" content=\"GfPS\" \/>\n<meta property=\"article:modified_time\" content=\"2024-06-14T17:04:21+00:00\" \/>\n<meta name=\"twitter:card\" content=\"summary_large_image\" \/>\n<meta name=\"twitter:label1\" content=\"Est. reading time\" \/>\n\t<meta name=\"twitter:data1\" content=\"5 minutes\" \/>\n<script type=\"application\/ld+json\" class=\"yoast-schema-graph\">{\"@context\":\"https:\/\/schema.org\",\"@graph\":[{\"@type\":\"WebPage\",\"@id\":\"https:\/\/www.gfps.de\/en\/hygiene-inspection-of-hvac-systems-and-appliances\/\",\"url\":\"https:\/\/www.gfps.de\/en\/hygiene-inspection-of-hvac-systems-and-appliances\/\",\"name\":\"Hygiene inspection of HVAC systems and appliances - GfPS\",\"isPartOf\":{\"@id\":\"https:\/\/www.gfps.de\/en\/#website\"},\"datePublished\":\"2024-04-11T08:59:03+00:00\",\"dateModified\":\"2024-06-14T17:04:21+00:00\",\"description\":\"Air handling units (AHUs) are special HVAC systems that are used in clean rooms ...\",\"breadcrumb\":{\"@id\":\"https:\/\/www.gfps.de\/en\/hygiene-inspection-of-hvac-systems-and-appliances\/#breadcrumb\"},\"inLanguage\":\"en-US\",\"potentialAction\":[{\"@type\":\"ReadAction\",\"target\":[\"https:\/\/www.gfps.de\/en\/hygiene-inspection-of-hvac-systems-and-appliances\/\"]}]},{\"@type\":\"BreadcrumbList\",\"@id\":\"https:\/\/www.gfps.de\/en\/hygiene-inspection-of-hvac-systems-and-appliances\/#breadcrumb\",\"itemListElement\":[{\"@type\":\"ListItem\",\"position\":1,\"name\":\"Startseite\",\"item\":\"https:\/\/www.gfps.de\/en\/home\/\"},{\"@type\":\"ListItem\",\"position\":2,\"name\":\"Hygiene inspection of HVAC systems and appliances\"}]},{\"@type\":\"WebSite\",\"@id\":\"https:\/\/www.gfps.de\/en\/#website\",\"url\":\"https:\/\/www.gfps.de\/en\/\",\"name\":\"GfPS\",\"description\":\"Gepr\u00fcfte Qualit\u00e4t f\u00fcr Ihre Medizinprodukte\",\"potentialAction\":[{\"@type\":\"SearchAction\",\"target\":{\"@type\":\"EntryPoint\",\"urlTemplate\":\"https:\/\/www.gfps.de\/en\/?s={search_term_string}\"},\"query-input\":{\"@type\":\"PropertyValueSpecification\",\"valueRequired\":true,\"valueName\":\"search_term_string\"}}],\"inLanguage\":\"en-US\"}]}<\/script>\n<!-- \/ Yoast SEO plugin. -->","yoast_head_json":{"title":"Hygiene inspection of HVAC systems and appliances - GfPS","description":"Air handling units (AHUs) are special HVAC systems that are used in clean rooms ...","robots":{"index":"index","follow":"follow","max-snippet":"max-snippet:-1","max-image-preview":"max-image-preview:large","max-video-preview":"max-video-preview:-1"},"canonical":"https:\/\/www.gfps.de\/en\/hygiene-inspection-of-hvac-systems-and-appliances\/","og_locale":"en_US","og_type":"article","og_title":"Hygiene inspection of HVAC systems and appliances - GfPS","og_description":"Air handling units (AHUs) are special HVAC systems that are used in clean rooms ...","og_url":"https:\/\/www.gfps.de\/en\/hygiene-inspection-of-hvac-systems-and-appliances\/","og_site_name":"GfPS","article_modified_time":"2024-06-14T17:04:21+00:00","twitter_card":"summary_large_image","twitter_misc":{"Est. reading time":"5 minutes"},"schema":{"@context":"https:\/\/schema.org","@graph":[{"@type":"WebPage","@id":"https:\/\/www.gfps.de\/en\/hygiene-inspection-of-hvac-systems-and-appliances\/","url":"https:\/\/www.gfps.de\/en\/hygiene-inspection-of-hvac-systems-and-appliances\/","name":"Hygiene inspection of HVAC systems and appliances - GfPS","isPartOf":{"@id":"https:\/\/www.gfps.de\/en\/#website"},"datePublished":"2024-04-11T08:59:03+00:00","dateModified":"2024-06-14T17:04:21+00:00","description":"Air handling units (AHUs) are special HVAC systems that are used in clean rooms ...","breadcrumb":{"@id":"https:\/\/www.gfps.de\/en\/hygiene-inspection-of-hvac-systems-and-appliances\/#breadcrumb"},"inLanguage":"en-US","potentialAction":[{"@type":"ReadAction","target":["https:\/\/www.gfps.de\/en\/hygiene-inspection-of-hvac-systems-and-appliances\/"]}]},{"@type":"BreadcrumbList","@id":"https:\/\/www.gfps.de\/en\/hygiene-inspection-of-hvac-systems-and-appliances\/#breadcrumb","itemListElement":[{"@type":"ListItem","position":1,"name":"Startseite","item":"https:\/\/www.gfps.de\/en\/home\/"},{"@type":"ListItem","position":2,"name":"Hygiene inspection of HVAC systems and appliances"}]},{"@type":"WebSite","@id":"https:\/\/www.gfps.de\/en\/#website","url":"https:\/\/www.gfps.de\/en\/","name":"GfPS","description":"Gepr\u00fcfte Qualit\u00e4t f\u00fcr Ihre Medizinprodukte","potentialAction":[{"@type":"SearchAction","target":{"@type":"EntryPoint","urlTemplate":"https:\/\/www.gfps.de\/en\/?s={search_term_string}"},"query-input":{"@type":"PropertyValueSpecification","valueRequired":true,"valueName":"search_term_string"}}],"inLanguage":"en-US"}]}},"_links":{"self":[{"href":"https:\/\/www.gfps.de\/en\/wp-json\/wp\/v2\/pages\/114251","targetHints":{"allow":["GET"]}}],"collection":[{"href":"https:\/\/www.gfps.de\/en\/wp-json\/wp\/v2\/pages"}],"about":[{"href":"https:\/\/www.gfps.de\/en\/wp-json\/wp\/v2\/types\/page"}],"author":[{"embeddable":true,"href":"https:\/\/www.gfps.de\/en\/wp-json\/wp\/v2\/users\/1"}],"replies":[{"embeddable":true,"href":"https:\/\/www.gfps.de\/en\/wp-json\/wp\/v2\/comments?post=114251"}],"version-history":[{"count":2,"href":"https:\/\/www.gfps.de\/en\/wp-json\/wp\/v2\/pages\/114251\/revisions"}],"predecessor-version":[{"id":114253,"href":"https:\/\/www.gfps.de\/en\/wp-json\/wp\/v2\/pages\/114251\/revisions\/114253"}],"wp:attachment":[{"href":"https:\/\/www.gfps.de\/en\/wp-json\/wp\/v2\/media?parent=114251"}],"curies":[{"name":"wp","href":"https:\/\/api.w.org\/{rel}","templated":true}]}}