{"id":114230,"date":"2024-01-05T09:14:19","date_gmt":"2024-01-05T08:14:19","guid":{"rendered":"https:\/\/webserver.gfps.de\/bioburden\/"},"modified":"2024-12-17T09:29:17","modified_gmt":"2024-12-17T08:29:17","slug":"bioburden","status":"publish","type":"page","link":"https:\/\/www.gfps.de\/en\/bioburden\/","title":{"rendered":"Bioburden"},"content":{"rendered":"<div class=\"wpb-content-wrapper\"><p>[vc_row unlock_row_content=&#8221;yes&#8221; row_height_percent=&#8221;60&#8243; override_padding=&#8221;yes&#8221; h_padding=&#8221;0&#8243; top_padding=&#8221;0&#8243; bottom_padding=&#8221;0&#8243; back_color=&#8221;color-nhtu&#8221; back_image=&#8221;115111&#8243; back_position=&#8221;center top&#8221; overlay_color=&#8221;color-983180&#8243; overlay_alpha=&#8221;51&#8243; equal_height=&#8221;yes&#8221; gutter_size=&#8221;0&#8243; column_width_percent=&#8221;100&#8243; shift_y=&#8221;0&#8243; z_index=&#8221;0&#8243; enable_bottom_divider=&#8221;default&#8221; bottom_divider=&#8221;gradient&#8221; shape_bottom_h_use_pixel=&#8221;true&#8221; shape_bottom_height_percent=&#8221;100&#8243; shape_bottom_color=&#8221;accent&#8221; shape_bottom_opacity=&#8221;90&#8243; shape_bottom_index=&#8221;0&#8243; row_height_pixel=&#8221;280&#8243; row_name=&#8221;Intro&#8221; uncode_shortcode_id=&#8221;122488&#8243; back_color_type=&#8221;uncode-palette&#8221; shape_bottom_color_type=&#8221;uncode-palette&#8221; overlay_color_type=&#8221;uncode-palette&#8221;][vc_column column_width_percent=&#8221;100&#8243; position_horizontal=&#8221;left&#8221; position_vertical=&#8221;bottom&#8221; gutter_size=&#8221;1&#8243; override_padding=&#8221;yes&#8221; column_padding=&#8221;4&#8243; style=&#8221;dark&#8221; overlay_alpha=&#8221;50&#8243; shift_x=&#8221;0&#8243; shift_y=&#8221;0&#8243; shift_y_down=&#8221;0&#8243; z_index=&#8221;0&#8243; align_medium=&#8221;align_left_tablet&#8221; medium_width=&#8221;0&#8243; align_mobile=&#8221;align_left_mobile&#8221; mobile_width=&#8221;0&#8243; css_animation=&#8221;bottom-t-top&#8221; animation_speed=&#8221;1000&#8243; width=&#8221;1\/1&#8243; uncode_shortcode_id=&#8221;105110&#8243;][vc_custom_heading heading_semantic=&#8221;h3&#8243; text_size=&#8221;h4&#8243; text_weight=&#8221;300&#8243; text_transform=&#8221;uppercase&#8221; text_space=&#8221;fontspace-210350&#8243; sub_lead=&#8221;yes&#8221; sub_reduced=&#8221;yes&#8221; uncode_shortcode_id=&#8221;272044&#8243;]Non-sterile products[\/vc_custom_heading][vc_custom_heading heading_semantic=&#8221;h1&#8243; text_size=&#8221;fontsize-155944&#8243; text_weight=&#8221;800&#8243; text_transform=&#8221;uppercase&#8221; text_space=&#8221;fontspace-111509&#8243; sub_lead=&#8221;yes&#8221; sub_reduced=&#8221;yes&#8221; uncode_shortcode_id=&#8221;614700&#8243;]BIOBURDEN[\/vc_custom_heading][\/vc_column][\/vc_row][vc_row unlock_row_content=&#8221;yes&#8221; row_height_percent=&#8221;0&#8243; override_padding=&#8221;yes&#8221; h_padding=&#8221;0&#8243; top_padding=&#8221;0&#8243; bottom_padding=&#8221;0&#8243; back_color=&#8221;color-lxmt&#8221; overlay_alpha=&#8221;0&#8243; equal_height=&#8221;yes&#8221; gutter_size=&#8221;0&#8243; column_width_percent=&#8221;100&#8243; shift_y=&#8221;0&#8243; z_index=&#8221;0&#8243; style=&#8221;inherited&#8221; uncode_shortcode_id=&#8221;106173&#8243; back_color_type=&#8221;uncode-palette&#8221;][vc_column column_width_percent=&#8221;100&#8243; gutter_size=&#8221;2&#8243; override_padding=&#8221;yes&#8221; column_padding=&#8221;4&#8243; style=&#8221;light&#8221; back_color=&#8221;color-lxmt&#8221; overlay_alpha=&#8221;50&#8243; shift_x=&#8221;0&#8243; shift_y=&#8221;0&#8243; shift_y_down=&#8221;0&#8243; z_index=&#8221;0&#8243; align_medium=&#8221;align_left_tablet&#8221; medium_width=&#8221;0&#8243; align_mobile=&#8221;align_left_mobile&#8221; mobile_width=&#8221;0&#8243; css_animation=&#8221;bottom-t-top&#8221; animation_delay=&#8221;200&#8243; width=&#8221;3\/4&#8243; uncode_shortcode_id=&#8221;116340&#8243; back_color_type=&#8221;uncode-palette&#8221;][vc_column_text uncode_shortcode_id=&#8221;567764&#8243;]Determining the bioburden of medical devices is one way of checking and evaluating the effectiveness of all production hygiene steps on the end product. The term bioburden refers to the microbial contamination of a medical device before it is sterilized.[\/vc_column_text][\/vc_column][vc_column column_width_percent=&#8221;100&#8243; position_vertical=&#8221;middle&#8221; align_horizontal=&#8221;align_center&#8221; gutter_size=&#8221;3&#8243; override_padding=&#8221;yes&#8221; column_padding=&#8221;4&#8243; overlay_alpha=&#8221;0&#8243; shift_x=&#8221;0&#8243; shift_y=&#8221;0&#8243; shift_y_down=&#8221;0&#8243; z_index=&#8221;0&#8243; medium_visibility=&#8221;yes&#8221; medium_width=&#8221;0&#8243; mobile_visibility=&#8221;yes&#8221; mobile_width=&#8221;0&#8243; css_animation=&#8221;bottom-t-top&#8221; animation_delay=&#8221;400&#8243; zoom_width=&#8221;0&#8243; zoom_height=&#8221;0&#8243; width=&#8221;1\/4&#8243; uncode_shortcode_id=&#8221;184491&#8243;][\/vc_column][\/vc_row][vc_row unlock_row_content=&#8221;yes&#8221; row_height_percent=&#8221;55&#8243; override_padding=&#8221;yes&#8221; h_padding=&#8221;0&#8243; top_padding=&#8221;0&#8243; bottom_padding=&#8221;0&#8243; back_color=&#8221;color-nhtu&#8221; overlay_alpha=&#8221;0&#8243; equal_height=&#8221;yes&#8221; gutter_size=&#8221;0&#8243; column_width_percent=&#8221;100&#8243; shift_y=&#8221;0&#8243; z_index=&#8221;0&#8243; style=&#8221;inherited&#8221;][vc_column column_width_percent=&#8221;100&#8243; position_vertical=&#8221;middle&#8221; align_horizontal=&#8221;align_center&#8221; gutter_size=&#8221;3&#8243; override_padding=&#8221;yes&#8221; column_padding=&#8221;4&#8243; back_color=&#8221;color-rgdb&#8221; back_image=&#8221;114054&#8243; back_position=&#8221;center center&#8221; overlay_alpha=&#8221;0&#8243; shift_x=&#8221;0&#8243; shift_y=&#8221;0&#8243; shift_y_down=&#8221;0&#8243; z_index=&#8221;0&#8243; medium_width=&#8221;0&#8243; mobile_width=&#8221;0&#8243; css_animation=&#8221;bottom-t-top&#8221; animation_delay=&#8221;400&#8243; zoom_width=&#8221;0&#8243; zoom_height=&#8221;0&#8243; width=&#8221;1\/4&#8243; uncode_shortcode_id=&#8221;204608&#8243; back_color_type=&#8221;uncode-palette&#8221; mobile_height=&#8221;300&#8243;][\/vc_column][vc_column column_width_percent=&#8221;100&#8243; gutter_size=&#8221;2&#8243; override_padding=&#8221;yes&#8221; column_padding=&#8221;4&#8243; style=&#8221;light&#8221; back_color=&#8221;color-xsdn&#8221; overlay_alpha=&#8221;50&#8243; shift_x=&#8221;0&#8243; shift_y=&#8221;0&#8243; shift_y_down=&#8221;0&#8243; z_index=&#8221;0&#8243; align_medium=&#8221;align_left_tablet&#8221; medium_width=&#8221;0&#8243; align_mobile=&#8221;align_left_mobile&#8221; mobile_width=&#8221;0&#8243; css_animation=&#8221;bottom-t-top&#8221; animation_delay=&#8221;200&#8243; width=&#8221;3\/4&#8243; uncode_shortcode_id=&#8221;200997&#8243; back_color_type=&#8221;uncode-palette&#8221;][vc_custom_heading text_weight=&#8221;800&#8243; text_transform=&#8221;uppercase&#8221; text_space=&#8221;fontspace-111509&#8243; text_uppercase=&#8221;&#8221; text_align=&#8221;text-left&#8221; uncode_shortcode_id=&#8221;334475&#8243;]Bioburden[\/vc_custom_heading][vc_column_text uncode_shortcode_id=&#8221;233972&#8243;]The bioburden is the sum of all microorganisms from different sources, including raw materials, component manufacturing, assembly processes, the manufacturing environment, assembly and manufacturing aids, cleaning processes and packaging of the finished product.<\/p>\n<p>It is not possible to accurately quantify the microbial load as many factors can influence the determination of bioburden. In practice, the bioburden is determined according to a defined procedure that includes a characterisation of the population in addition to the quantification or estimation of the microorganisms. Due to the wide variety of materials used in the manufacture and construction of medical devices and the associated different surface adhesion of microorganisms, DIN EN ISO 11737-1 presents different process parameters.<\/p>\n<p>The same applies to the huge number of different microorganisms that can occur on medical devices. DIN EN ISO 11737-1 also provides a large selection of appropriate rinsing solutions and culture media, including incubation conditions in various combinations.<br \/>\nThe process used at GfPS mbH takes into account the different requirements of microorganisms: slow-growing fungi must be cultivated differently to fast-growing bacteria. Anaerobically growing bacteria are cultivated in the absence of atmospheric oxygen.<\/p>\n<p>The bioburden limits are set by the manufacturer of the products. The mean value and the standard deviation per product group are used to determine the alarm limits. An alarm limit (or action limit) results from the sum of the mean value and twice (or three times) the standard deviation.<\/p>\n<p><strong>Validation of the bioburden method according to DIN EN ISO 11737-1<\/strong><\/p>\n<p>According to DIN EN ISO 11737-1, the validation of the bioburden method must be carried out in order to demonstrate the suitability of the test method and to assess the suitability of the technique for sampling the microorganisms.<br \/>\nThere are two traditional approaches to validate the effectiveness of sampling microorganisms from healthcare products. These approaches are:<\/p>\n<ul>\n<li>Determination of the recovery rate by means of repetitive recovery: the repeated treatment of a product sample followed by a quantitative assessment of the extent of recovery, with relatively high natural microbial contamination of the product.<\/li>\n<\/ul>\n<p>Products with moderate to high (e.g. 100 CFU to 1,000 CFU) or high (e.g. &gt; 1,000 CFU) bioburden.<\/p>\n<p>Five non-sterile samples are repeatedly rinsed with the corresponding rinsing solution. A recovery rate can be determined from the ratio between the number of colonies after the first application and the total colony count.<\/p>\n<p>or<\/p>\n<ul>\n<li>Determination of the recovery rate using the inoculation method (inoculated product): Product inoculation with a known number of microorganisms, followed by a quantitative assessment of the extent of recovery at a low natural contamination rate of the product.<br \/>\nProducts with a low, e.g. &lt; 100 CFU or very low, e.g. &lt; 10 CFU bioburden.<br \/>\nFor this purpose, five (sterile or low-contaminated) samples are contaminated with a defined microorganism, e.g. Bacillus atrophaeus spores, and subjected to the selected bioburden process after drying. A recovery rate can be determined from the ratio between the number of spores detached from the product and the total number of spores with which the product was contaminated.<\/li>\n<\/ul>\n<p>A correction factor is determined from both methods described, which is multiplied by the number of microorganisms from the routine bioburden determinations to give an estimate of the actual microbial load.<\/p>\n<p>Validation must be carried out at fixed intervals in accordance with DIN EN ISO 11737-1. The scope is determined by means of a risk assessment.<br \/>\nThis may mean that a theoretical analysis is sufficient. Changes to the product, the product groups or the manufacturing processes must be checked and evaluated.<\/p>\n<p>&nbsp;<\/p>\n<p><strong>MPN method (Most Probable Number)<\/strong><\/p>\n<p>The quantitative determination of the microbial load on non-sterile medical devices is an accredited procedure at our institute!<\/p>\n<p>The MPN method is a well-established and fully documented method for assessing the number of viable microorganisms in a product in which microorganisms are randomly distributed.<br \/>\nThe method is particularly suitable for products that have a bioburden with a low average count (e.g. liquid products, viscous liquids, powders) or products, such as paper, that have adhesive and liquid-decomposing components from which the adhering microorganisms are difficult to filter\/detach.<br \/>\nThe procedure consists of taking samples of a test series of a product with different weights containing on average the same number of viable microorganisms in each sample\/sub-sample. This procedure results from the standard requirements of \u2018random distribution\u2019.<br \/>\nEach sample is analysed individually for the presence of viable microorganisms. This is done by transfer to liquid culture media and incubation. An estimate of the number of viable microorganisms can be made from the frequency of positive tests occurring in a set of parallel samples. The 95 % confidence limits around the estimated value are relatively wide.<\/p>\n<p>&nbsp;<\/p>\n<p><strong>Neutralisation of inhibitory substances MST<\/strong><\/p>\n<p>This test for the detection of neutralisation of inhibitory, or generally antimicrobial properties, demonstrates the validity of the method and performance of routinely determined bioburden.<br \/>\nIf the product can be adversely affected due to its physical or chemical properties, a system must be used to neutralise, remove or minimise the effect of any substances released. The effectiveness of such a system must be proven.<br \/>\nVarious microorganisms and incubation conditions are tested in order to arrive at a meaningful result.[\/vc_column_text][vc_empty_space empty_h=&#8221;1&#8243;][vc_separator sep_color=&#8221;color-983180&#8243; uncode_shortcode_id=&#8221;107261&#8243; sep_color_type=&#8221;uncode-palette&#8221;][vc_empty_space empty_h=&#8221;1&#8243;][vc_column_text text_color=&#8221;color-wvjs&#8221; uncode_shortcode_id=&#8221;130599&#8243; text_color_type=&#8221;uncode-palette&#8221;]<strong>Guidelines:<\/strong><\/p>\n<ul>\n<li>\u00a0according to DIN EN ISO 11737<\/li>\n<li>according to FDA BAM Appendix 2<\/li>\n<li>according to Ph. Eur. 2.6.12<\/li>\n<li>according to USP &lt;61&gt;<\/li>\n<\/ul>\n<p>[\/vc_column_text][vc_empty_space empty_h=&#8221;1&#8243;][vc_separator sep_color=&#8221;color-983180&#8243; uncode_shortcode_id=&#8221;107261&#8243; sep_color_type=&#8221;uncode-palette&#8221;][vc_empty_space empty_h=&#8221;1&#8243;][vc_column_text text_color=&#8221;color-wvjs&#8221; uncode_shortcode_id=&#8221;133852&#8243; text_color_type=&#8221;uncode-palette&#8221;]We are happy to support you with your questions about Bioburden at <a href=\"mailto:accountmanagement@gfps.de.\"><strong>accountmanagement@gfps.de<\/strong><\/a>.[\/vc_column_text][\/vc_column][\/vc_row]<\/p>\n<\/div>","protected":false},"excerpt":{"rendered":"<p>[vc_row unlock_row_content=&#8221;yes&#8221; row_height_percent=&#8221;60&#8243; override_padding=&#8221;yes&#8221; h_padding=&#8221;0&#8243; top_padding=&#8221;0&#8243; bottom_padding=&#8221;0&#8243; back_color=&#8221;color-nhtu&#8221; back_image=&#8221;115111&#8243; back_position=&#8221;center top&#8221; overlay_color=&#8221;color-983180&#8243; overlay_alpha=&#8221;51&#8243; equal_height=&#8221;yes&#8221; gutter_size=&#8221;0&#8243; column_width_percent=&#8221;100&#8243; shift_y=&#8221;0&#8243; z_index=&#8221;0&#8243; enable_bottom_divider=&#8221;default&#8221; bottom_divider=&#8221;gradient&#8221; [&hellip;]<\/p>\n","protected":false},"author":1,"featured_media":0,"parent":0,"menu_order":0,"comment_status":"closed","ping_status":"closed","template":"","meta":{"footnotes":""},"class_list":["post-114230","page","type-page","status-publish","hentry"],"yoast_head":"<!-- This site is optimized with the Yoast SEO plugin v27.5 - https:\/\/yoast.com\/product\/yoast-seo-wordpress\/ -->\n<title>Bioburden - GfPS<\/title>\n<meta name=\"description\" content=\"The bioburden load is the sum of all microorganisms from different sources, including raw materials, ...\" \/>\n<meta name=\"robots\" content=\"index, follow, max-snippet:-1, max-image-preview:large, max-video-preview:-1\" \/>\n<link rel=\"canonical\" href=\"https:\/\/www.gfps.de\/en\/bioburden\/\" \/>\n<meta property=\"og:locale\" content=\"en_US\" \/>\n<meta property=\"og:type\" content=\"article\" \/>\n<meta property=\"og:title\" content=\"Bioburden - GfPS\" \/>\n<meta property=\"og:description\" content=\"The bioburden load is the sum of all microorganisms from different sources, including raw materials, ...\" \/>\n<meta property=\"og:url\" content=\"https:\/\/www.gfps.de\/en\/bioburden\/\" \/>\n<meta property=\"og:site_name\" content=\"GfPS\" \/>\n<meta property=\"article:modified_time\" content=\"2024-12-17T08:29:17+00:00\" \/>\n<meta name=\"twitter:card\" content=\"summary_large_image\" \/>\n<meta name=\"twitter:label1\" content=\"Est. reading time\" \/>\n\t<meta name=\"twitter:data1\" content=\"7 minutes\" \/>\n<script type=\"application\/ld+json\" class=\"yoast-schema-graph\">{\"@context\":\"https:\\\/\\\/schema.org\",\"@graph\":[{\"@type\":\"WebPage\",\"@id\":\"https:\\\/\\\/www.gfps.de\\\/en\\\/bioburden\\\/\",\"url\":\"https:\\\/\\\/www.gfps.de\\\/en\\\/bioburden\\\/\",\"name\":\"Bioburden - GfPS\",\"isPartOf\":{\"@id\":\"https:\\\/\\\/www.gfps.de\\\/en\\\/#website\"},\"datePublished\":\"2024-01-05T08:14:19+00:00\",\"dateModified\":\"2024-12-17T08:29:17+00:00\",\"description\":\"The bioburden load is the sum of all microorganisms from different sources, including raw materials, ...\",\"breadcrumb\":{\"@id\":\"https:\\\/\\\/www.gfps.de\\\/en\\\/bioburden\\\/#breadcrumb\"},\"inLanguage\":\"en-US\",\"potentialAction\":[{\"@type\":\"ReadAction\",\"target\":[\"https:\\\/\\\/www.gfps.de\\\/en\\\/bioburden\\\/\"]}]},{\"@type\":\"BreadcrumbList\",\"@id\":\"https:\\\/\\\/www.gfps.de\\\/en\\\/bioburden\\\/#breadcrumb\",\"itemListElement\":[{\"@type\":\"ListItem\",\"position\":1,\"name\":\"Startseite\",\"item\":\"https:\\\/\\\/www.gfps.de\\\/en\\\/home\\\/\"},{\"@type\":\"ListItem\",\"position\":2,\"name\":\"Bioburden\"}]},{\"@type\":\"WebSite\",\"@id\":\"https:\\\/\\\/www.gfps.de\\\/en\\\/#website\",\"url\":\"https:\\\/\\\/www.gfps.de\\\/en\\\/\",\"name\":\"GfPS\",\"description\":\"Gepr\u00fcfte Qualit\u00e4t f\u00fcr Ihre Medizinprodukte\",\"potentialAction\":[{\"@type\":\"SearchAction\",\"target\":{\"@type\":\"EntryPoint\",\"urlTemplate\":\"https:\\\/\\\/www.gfps.de\\\/en\\\/?s={search_term_string}\"},\"query-input\":{\"@type\":\"PropertyValueSpecification\",\"valueRequired\":true,\"valueName\":\"search_term_string\"}}],\"inLanguage\":\"en-US\"}]}<\/script>\n<!-- \/ Yoast SEO plugin. -->","yoast_head_json":{"title":"Bioburden - GfPS","description":"The bioburden load is the sum of all microorganisms from different sources, including raw materials, ...","robots":{"index":"index","follow":"follow","max-snippet":"max-snippet:-1","max-image-preview":"max-image-preview:large","max-video-preview":"max-video-preview:-1"},"canonical":"https:\/\/www.gfps.de\/en\/bioburden\/","og_locale":"en_US","og_type":"article","og_title":"Bioburden - GfPS","og_description":"The bioburden load is the sum of all microorganisms from different sources, including raw materials, ...","og_url":"https:\/\/www.gfps.de\/en\/bioburden\/","og_site_name":"GfPS","article_modified_time":"2024-12-17T08:29:17+00:00","twitter_card":"summary_large_image","twitter_misc":{"Est. reading time":"7 minutes"},"schema":{"@context":"https:\/\/schema.org","@graph":[{"@type":"WebPage","@id":"https:\/\/www.gfps.de\/en\/bioburden\/","url":"https:\/\/www.gfps.de\/en\/bioburden\/","name":"Bioburden - GfPS","isPartOf":{"@id":"https:\/\/www.gfps.de\/en\/#website"},"datePublished":"2024-01-05T08:14:19+00:00","dateModified":"2024-12-17T08:29:17+00:00","description":"The bioburden load is the sum of all microorganisms from different sources, including raw materials, ...","breadcrumb":{"@id":"https:\/\/www.gfps.de\/en\/bioburden\/#breadcrumb"},"inLanguage":"en-US","potentialAction":[{"@type":"ReadAction","target":["https:\/\/www.gfps.de\/en\/bioburden\/"]}]},{"@type":"BreadcrumbList","@id":"https:\/\/www.gfps.de\/en\/bioburden\/#breadcrumb","itemListElement":[{"@type":"ListItem","position":1,"name":"Startseite","item":"https:\/\/www.gfps.de\/en\/home\/"},{"@type":"ListItem","position":2,"name":"Bioburden"}]},{"@type":"WebSite","@id":"https:\/\/www.gfps.de\/en\/#website","url":"https:\/\/www.gfps.de\/en\/","name":"GfPS","description":"Gepr\u00fcfte Qualit\u00e4t f\u00fcr Ihre Medizinprodukte","potentialAction":[{"@type":"SearchAction","target":{"@type":"EntryPoint","urlTemplate":"https:\/\/www.gfps.de\/en\/?s={search_term_string}"},"query-input":{"@type":"PropertyValueSpecification","valueRequired":true,"valueName":"search_term_string"}}],"inLanguage":"en-US"}]}},"_links":{"self":[{"href":"https:\/\/www.gfps.de\/en\/wp-json\/wp\/v2\/pages\/114230","targetHints":{"allow":["GET"]}}],"collection":[{"href":"https:\/\/www.gfps.de\/en\/wp-json\/wp\/v2\/pages"}],"about":[{"href":"https:\/\/www.gfps.de\/en\/wp-json\/wp\/v2\/types\/page"}],"author":[{"embeddable":true,"href":"https:\/\/www.gfps.de\/en\/wp-json\/wp\/v2\/users\/1"}],"replies":[{"embeddable":true,"href":"https:\/\/www.gfps.de\/en\/wp-json\/wp\/v2\/comments?post=114230"}],"version-history":[{"count":12,"href":"https:\/\/www.gfps.de\/en\/wp-json\/wp\/v2\/pages\/114230\/revisions"}],"predecessor-version":[{"id":115113,"href":"https:\/\/www.gfps.de\/en\/wp-json\/wp\/v2\/pages\/114230\/revisions\/115113"}],"wp:attachment":[{"href":"https:\/\/www.gfps.de\/en\/wp-json\/wp\/v2\/media?parent=114230"}],"curies":[{"name":"wp","href":"https:\/\/api.w.org\/{rel}","templated":true}]}}